{"id":1272,"date":"2024-09-06T10:23:19","date_gmt":"2024-09-06T10:23:19","guid":{"rendered":"https:\/\/bonomodo.hr\/?page_id=1272"},"modified":"2024-12-02T10:15:17","modified_gmt":"2024-12-02T10:15:17","slug":"project-management","status":"publish","type":"page","link":"https:\/\/bonomodo.hr\/hr\/usluge\/upravljanje-projektom\/","title":{"rendered":"UPRAVLJANJE PROJEKTOM"},"content":{"rendered":"<div data-elementor-type=\"wp-page\" data-elementor-id=\"1272\" class=\"elementor elementor-1272\" data-elementor-post-type=\"page\">\n\t\t\t\t<div class=\"elementor-element elementor-element-80772d7 e-con-full e-flex e-con e-parent\" data-id=\"80772d7\" data-element_type=\"container\">\n\t\t<div class=\"elementor-element elementor-element-37ce899 e-con-full e-flex e-con e-child\" data-id=\"37ce899\" data-element_type=\"container\">\n\t\t\t\t<div class=\"elementor-element elementor-element-7c9d3c2 elementor-widget elementor-widget-tg-mission-vision\" data-id=\"7c9d3c2\" data-element_type=\"widget\" data-widget_type=\"tg-mission-vision.default\">\n\t\t\t\t<div class=\"elementor-widget-container\">\n\t\t\t\r\n        \r\n            <!-- mission-area -->\r\n            <section class=\"mission-area\">\r\n                <div class=\"container\">\r\n                    <div class=\"row align-items-center\">\r\n\r\n                                                <div class=\"col-lg-6\">\r\n                            <div class=\"mission-img\">\r\n                                <img decoding=\"async\" src=\"https:\/\/bonomodo.hr\/wp-content\/uploads\/2024\/12\/Project-management.jpg\" alt=\"\">\r\n                            <\/div>\r\n                        <\/div>\r\n                        \r\n                        <div class=\"col-lg-6\">\r\n                            <div class=\"mission-content\">\r\n                                                                <div class=\"section-title mb-40\">\r\n\r\n                                                                        <span class=\"sub-title\">Na\u0161e usluge<\/span>\r\n                                    \r\n                                    <h2 class=\"title\"> STRATE\u0160KO PLANIRANJE I ANALIZA TR\u017dI\u0160TA<\/h2>\r\n                                <\/div>\r\n\r\n                                                                    <p class=\"desc\">\nKao konzultanti za nekretnine, vodimo Vas kroz svaku fazu procesa planiranja i razvoja nekretnina, osiguravaju\u0107i besprijekorno iskustvo od ideje do zavr\u0161etka.\n<br \/><br \/>\nPo\u010dinjemo identificiranjem prilika koje su u skladu s tr\u017ei\u0161nom potra\u017enjom i ciljevima klijenata. Na\u0161e detaljno istra\u017eivanje tr\u017ei\u0161ta poma\u017ee nam odrediti pravu lokaciju i tip projekta, osiguravaju\u0107i da Va\u0161 projekt zadovoljava trenutne trendove i budu\u0107e potrebe.<\/p>\r\n                                \r\n                                \r\n                                \r\n                            <\/div>\r\n                        <\/div>\r\n                    <\/div>\r\n                <\/div>\r\n            <\/section>\r\n            <!-- mission-area-end -->\r\n\r\n        \r\n    \t\t<\/div>\n\t\t\t\t<\/div>\n\t\t\t\t<\/div>\n\t\t\t\t<\/div>\n\t\t<div class=\"elementor-element elementor-element-704895b e-flex e-con-boxed e-con e-parent\" data-id=\"704895b\" data-element_type=\"container\">\n\t\t\t\t\t<div class=\"e-con-inner\">\n\t\t\t\t<div class=\"elementor-element elementor-element-ffc4e10 elementor-widget elementor-widget-heading\" data-id=\"ffc4e10\" data-element_type=\"widget\" data-widget_type=\"heading.default\">\n\t\t\t\t<div class=\"elementor-widget-container\">\n\t\t\t<h2 class=\"elementor-heading-title elementor-size-default\"> ODABIR I AKVIZICIJA LOKACIJE <\/h2>\t\t<\/div>\n\t\t\t\t<\/div>\n\t\t\t\t<div class=\"elementor-element elementor-element-75254fd elementor-widget elementor-widget-text-editor\" data-id=\"75254fd\" data-element_type=\"widget\" data-widget_type=\"text-editor.default\">\n\t\t\t\t<div class=\"elementor-widget-container\">\n\t\t\t\t\t\t\t<p>Provodimo sveobuhvatnu analizu lokacije, uzimaju\u0107i u obzir \u010dimbenike kao \u0161to su sama pozicija, pristupa\u010dnost i propisi o zoniranju. Nakon \u0161to se identificira idealna lokacija, bavimo se svim aspektima otkupa zemlji\u0161ta, od pregovora do kupoprodaje.<\/p>\t\t\t\t\t\t<\/div>\n\t\t\t\t<\/div>\n\t\t\t\t<div class=\"elementor-element elementor-element-96cc91e elementor-widget elementor-widget-heading\" data-id=\"96cc91e\" data-element_type=\"widget\" data-widget_type=\"heading.default\">\n\t\t\t\t<div class=\"elementor-widget-container\">\n\t\t\t<h2 class=\"elementor-heading-title elementor-size-default\">STUDIJE IZVODLJIVOSTI I UPRAVLJANJE RIZIKOM<\/h2>\t\t<\/div>\n\t\t\t\t<\/div>\n\t\t\t\t<div class=\"elementor-element elementor-element-387a1aa elementor-widget elementor-widget-text-editor\" data-id=\"387a1aa\" data-element_type=\"widget\" data-widget_type=\"text-editor.default\">\n\t\t\t\t<div class=\"elementor-widget-container\">\n\t\t\t\t\t\t\t<p>Na\u0161 tim provodi detaljne studije financijske izvodljivosti i tzv. due diligence kako bi osigurao odr\u017eivost projekta. Analiziramo pravne, ekolo\u0161ke i financijske aspekte, identificiraju\u0107i potencijalne rizike i razvijaju\u0107i strategije za njihovo izbjegavanje ili ubla\u017eavanje.<\/p>\t\t\t\t\t\t<\/div>\n\t\t\t\t<\/div>\n\t\t\t\t<div class=\"elementor-element elementor-element-dede702 elementor-widget elementor-widget-heading\" data-id=\"dede702\" data-element_type=\"widget\" data-widget_type=\"heading.default\">\n\t\t\t\t<div class=\"elementor-widget-container\">\n\t\t\t<h2 class=\"elementor-heading-title elementor-size-default\">DIZAJN I USKLA\u0110ENOST S PROPISIMA<\/h2>\t\t<\/div>\n\t\t\t\t<\/div>\n\t\t\t\t<div class=\"elementor-element elementor-element-8b29542 elementor-widget elementor-widget-text-editor\" data-id=\"8b29542\" data-element_type=\"widget\" data-widget_type=\"text-editor.default\">\n\t\t\t\t<div class=\"elementor-widget-container\">\n\t\t\t\t\t\t\t<p>Blisko sura\u0111uju\u0107i s arhitektima i planerima, poma\u017eemo u stvaranju dizajna koji maksimalno pove\u0107ava potencijal lokacije, a istovremeno je u skladu sa svim regulatornim zahtjevima. Olak\u0161avamo postupak odobravanja, osiguravaju\u0107i da su sve dozvole i odobrenja osigurani bez odlaganja.<\/p>\t\t\t\t\t\t<\/div>\n\t\t\t\t<\/div>\n\t\t\t\t<div class=\"elementor-element elementor-element-1b30e19 elementor-widget elementor-widget-heading\" data-id=\"1b30e19\" data-element_type=\"widget\" data-widget_type=\"heading.default\">\n\t\t\t\t<div class=\"elementor-widget-container\">\n\t\t\t<h2 class=\"elementor-heading-title elementor-size-default\">BUD\u017dETIRANJE I FINANCIJSKO STRUKTURIRANJE<\/h2>\t\t<\/div>\n\t\t\t\t<\/div>\n\t\t\t\t<div class=\"elementor-element elementor-element-b89bd5e elementor-widget elementor-widget-text-editor\" data-id=\"b89bd5e\" data-element_type=\"widget\" data-widget_type=\"text-editor.default\">\n\t\t\t\t<div class=\"elementor-widget-container\">\n\t\t\t\t\t\t\t<p>Razvijamo sveobuhvatan prora\u010dun i financijski plan, a na\u0161e pa\u017eljivo financijsko strukturiranje osigurava stabilnost projekta od po\u010detka do kraja.<\/p>\t\t\t\t\t\t<\/div>\n\t\t\t\t<\/div>\n\t\t\t\t<div class=\"elementor-element elementor-element-bfddbff elementor-widget elementor-widget-heading\" data-id=\"bfddbff\" data-element_type=\"widget\" data-widget_type=\"heading.default\">\n\t\t\t\t<div class=\"elementor-widget-container\">\n\t\t\t<h2 class=\"elementor-heading-title elementor-size-default\">NADZOR NAD IZGRADNJOM<\/h2>\t\t<\/div>\n\t\t\t\t<\/div>\n\t\t\t\t<div class=\"elementor-element elementor-element-9198d87 elementor-widget elementor-widget-text-editor\" data-id=\"9198d87\" data-element_type=\"widget\" data-widget_type=\"text-editor.default\">\n\t\t\t\t<div class=\"elementor-widget-container\">\n\t\t\t\t\t\t\t<p>Na\u0161i konzultanti nadziru proces izgradnje, osiguravaju\u0107i da se odvija prema planu i unutar prora\u010duna. Koordiniramo radove s izvo\u0111a\u010dima i dobavlja\u010dima, rje\u0161avaju\u0107i sva pitanja koja se pojave kako bismo odr\u017eali najvi\u0161e standarde kvalitete.<\/p>\t\t\t\t\t\t<\/div>\n\t\t\t\t<\/div>\n\t\t\t\t<div class=\"elementor-element elementor-element-eb49cd3 elementor-widget elementor-widget-heading\" data-id=\"eb49cd3\" data-element_type=\"widget\" data-widget_type=\"heading.default\">\n\t\t\t\t<div class=\"elementor-widget-container\">\n\t\t\t<h2 class=\"elementor-heading-title elementor-size-default\">MARKETING, PRODAJA I LEASING<\/h2>\t\t<\/div>\n\t\t\t\t<\/div>\n\t\t\t\t<div class=\"elementor-element elementor-element-ad82eff elementor-widget elementor-widget-text-editor\" data-id=\"ad82eff\" data-element_type=\"widget\" data-widget_type=\"text-editor.default\">\n\t\t\t\t<div class=\"elementor-widget-container\">\n\t\t\t\t\t\t\t<p>Osmi\u0161ljavamo ciljane marketin\u0161ke strategije kako bismo predstavili Va\u0161 projekt pravoj publici. Bilo da prodajete ili gradite, vodimo pregovore i sklapamo poslove koji maksimiziraju povrat Va\u0161e investicije.<\/p>\t\t\t\t\t\t<\/div>\n\t\t\t\t<\/div>\n\t\t\t\t<div class=\"elementor-element elementor-element-c5d23f5 elementor-widget elementor-widget-heading\" data-id=\"c5d23f5\" data-element_type=\"widget\" data-widget_type=\"heading.default\">\n\t\t\t\t<div class=\"elementor-widget-container\">\n\t\t\t<h2 class=\"elementor-heading-title elementor-size-default\">ZAVR\u0160ETAK PROJEKTA I PRIMOPREDAJA KLIJENTA<\/h2>\t\t<\/div>\n\t\t\t\t<\/div>\n\t\t\t\t<div class=\"elementor-element elementor-element-1a7f59c elementor-widget elementor-widget-text-editor\" data-id=\"1a7f59c\" data-element_type=\"widget\" data-widget_type=\"text-editor.default\">\n\t\t\t\t<div class=\"elementor-widget-container\">\n\t\t\t\t\t\t\t<p>Kako se projekt bli\u017ei zavr\u0161etku, provodimo zavr\u0161ne inspekcije i osiguravamo da je sve izgra\u0111eno prema specifikaciji. Upravljamo procesom primopredaje, pru\u017eaju\u0107i stalnu podr\u0161ku kako bismo osigurali nesmetan prijelaz za nove vlasnike ili stanare.<\/p>\t\t\t\t\t\t<\/div>\n\t\t\t\t<\/div>\n\t\t\t\t<div class=\"elementor-element elementor-element-b544046 elementor-widget elementor-widget-heading\" data-id=\"b544046\" data-element_type=\"widget\" data-widget_type=\"heading.default\">\n\t\t\t\t<div class=\"elementor-widget-container\">\n\t\t\t<h2 class=\"elementor-heading-title elementor-size-default\">STALNO UPRAVLJANJE I EVALUACIJA<\/h2>\t\t<\/div>\n\t\t\t\t<\/div>\n\t\t\t\t<div class=\"elementor-element elementor-element-458fbca elementor-widget elementor-widget-text-editor\" data-id=\"458fbca\" data-element_type=\"widget\" data-widget_type=\"text-editor.default\">\n\t\t\t\t<div class=\"elementor-widget-container\">\n\t\t\t\t\t\t\t<p>Za nekretnine koje se iznajmljuju, nudimo usluge upravljanja imovinom kako bismo odr\u017eali i pove\u0107ali vrijednost Va\u0161e investicije. Tako\u0111er provodimo post-projektne evaluacije kako bismo prikupili uvide i pobolj\u0161ali budu\u0107i razvoj.<\/p><p>Na\u0161 sveobuhvatan pristup konzultanata za nekretnine osigurava da se Va\u0161 projekt izvede s precizno\u0161\u0107u, ispunjavaju\u0107i Va\u0161a o\u010dekivanja i zahtjeve tr\u017ei\u0161ta.<\/p>\t\t\t\t\t\t<\/div>\n\t\t\t\t<\/div>\n\t\t\t\t\t<\/div>\n\t\t\t\t<\/div>\n\t\t\t\t<section class=\"elementor-section elementor-top-section elementor-element elementor-element-703a46d9 elementor-section-full_width elementor-section-height-default elementor-section-height-default\" data-id=\"703a46d9\" data-element_type=\"section\">\n\t\t\t\t\t\t<div class=\"elementor-container elementor-column-gap-no\">\n\t\t\t\t\t<div class=\"elementor-column elementor-col-100 elementor-top-column elementor-element elementor-element-30d8232c\" data-id=\"30d8232c\" data-element_type=\"column\">\n\t\t\t<div class=\"elementor-widget-wrap elementor-element-populated\">\n\t\t\t\t\t\t<div class=\"elementor-element elementor-element-7ed51b4b newsletter-area-two elementor-widget elementor-widget-tp-cta\" data-id=\"7ed51b4b\" data-element_type=\"widget\" data-widget_type=\"tp-cta.default\">\n\t\t\t\t<div class=\"elementor-widget-container\">\n\t\t\t\r\n        <!-- newsletter-area -->\r\n        <section class=\"newsletter-area\">\r\n            <div class=\"container\">\r\n                <div class=\"row\">\r\n                    <div class=\"col-lg-12\">\r\n                        <div class=\"newsletter-inner\">\r\n                            <div class=\"row justify-content-center\">\r\n                                <div class=\"col-xl-8\">\r\n                                    <div class=\"newsletter-content\">\r\n\r\n                                                                                <div class=\"section-title mb-50\">\r\n\r\n                                                                                            <span class=\"sub-title\">IMATE PITANJA<\/span>\r\n                                            \r\n                                            <h2 class=\"title\">KONTAKTIRAJTE NAS I ODGOVORIT \u0106EMO VAM U NAJBR\u017dEM MOGU\u0106EM ROKU<\/h2>\r\n                                        <\/div>\r\n                                        \r\n                                        \n<div class=\"wpcf7 no-js\" id=\"wpcf7-f256-o1\" lang=\"en-US\" dir=\"ltr\">\n<div class=\"screen-reader-response\"><p role=\"status\" aria-live=\"polite\" aria-atomic=\"true\"><\/p> <ul><\/ul><\/div>\n<form action=\"\/hr\/wp-json\/wp\/v2\/pages\/1272#wpcf7-f256-o1\" method=\"post\" class=\"wpcf7-form init\" aria-label=\"Contact form\" novalidate=\"novalidate\" data-status=\"init\" data-trp-original-action=\"\/hr\/wp-json\/wp\/v2\/pages\/1272#wpcf7-f256-o1\">\n<div style=\"display: none;\">\n<input type=\"hidden\" name=\"_wpcf7\" value=\"256\" \/>\n<input type=\"hidden\" name=\"_wpcf7_version\" value=\"5.9.8\" \/>\n<input type=\"hidden\" name=\"_wpcf7_locale\" value=\"en_US\" \/>\n<input type=\"hidden\" name=\"_wpcf7_unit_tag\" value=\"wpcf7-f256-o1\" \/>\n<input type=\"hidden\" name=\"_wpcf7_container_post\" value=\"0\" \/>\n<input type=\"hidden\" name=\"_wpcf7_posted_data_hash\" value=\"\" \/>\n<\/div>\n<div class=\"newsletter-form\">\n    <ul class=\"list-wrap\">\n        <li><span class=\"wpcf7-form-control-wrap\" data-name=\"your-name\"><input size=\"40\" maxlength=\"400\" class=\"wpcf7-form-control wpcf7-text wpcf7-validates-as-required\" aria-required=\"true\" aria-invalid=\"false\" placeholder=\"Ime i prezime\" value=\"\" type=\"text\" name=\"your-name\" \/><\/span><\/li>\n        <li><span class=\"wpcf7-form-control-wrap\" data-name=\"your-email\"><input size=\"40\" maxlength=\"400\" class=\"wpcf7-form-control wpcf7-email wpcf7-validates-as-required wpcf7-text wpcf7-validates-as-email\" aria-required=\"true\" aria-invalid=\"false\" placeholder=\"E-mail\" value=\"\" type=\"email\" name=\"your-email\" \/><\/span><\/li>\n        <li class=\"submit-btn\"><input class=\"wpcf7-form-control wpcf7-submit has-spinner\" type=\"submit\" value=\"PO\u0160ALJI\" \/><\/li>\n    <\/ul>\n    <div class=\"form-check\">\n        <input type=\"checkbox\" class=\"form-check-input\" id=\"checkbox\">\n        <label for=\"checkbox\">Prihva\u0107am <span>Odredbe i uvjete<\/span> za kori\u0161tenje osobnih podataka<\/label>\n    <\/div>\n<\/div><div class=\"wpcf7-response-output\" aria-hidden=\"true\"><\/div>\n<input type=\"hidden\" name=\"trp-form-language\" value=\"hr\"\/><\/form>\n<\/div>\n\r\n                                    <\/div>\r\n                                <\/div>\r\n                            <\/div>\r\n                        <\/div>\r\n                    <\/div>\r\n                <\/div>\r\n            <\/div>\r\n        <\/section>\r\n        <!-- newsletter-area-end -->\r\n\r\n    \t\t<\/div>\n\t\t\t\t<\/div>\n\t\t\t\t\t<\/div>\n\t\t<\/div>\n\t\t\t\t\t<\/div>\n\t\t<\/section>\n\t\t\t\t<\/div>","protected":false},"excerpt":{"rendered":"<p>Our Services Strategic Planning and Market Analysis As real estate consultants, we guide you through every phase of the real estate planning and development process, ensuring a seamless experience from concept to completion. We begin by identifying opportunities that align with market demand and client goals. Our thorough market research helps us pinpoint the right [&hellip;]<\/p>","protected":false},"author":1,"featured_media":0,"parent":89,"menu_order":0,"comment_status":"closed","ping_status":"closed","template":"elementor_header_footer","meta":{"_acf_changed":false,"footnotes":""},"class_list":["post-1272","page","type-page","status-publish","hentry"],"acf":[],"yoast_head":"<!-- This site is optimized with the Yoast SEO plugin v23.5 - https:\/\/yoast.com\/wordpress\/plugins\/seo\/ -->\n<title>PROJECT MANAGEMENT - Bono Modo Real Estate<\/title>\n<meta name=\"robots\" content=\"index, follow, max-snippet:-1, max-image-preview:large, max-video-preview:-1\" \/>\n<link rel=\"canonical\" href=\"https:\/\/bonomodo.hr\/hr\/usluge\/upravljanje-projektom\/\" \/>\n<meta property=\"og:locale\" content=\"hr_HR\" \/>\n<meta property=\"og:type\" content=\"article\" \/>\n<meta property=\"og:title\" content=\"PROJECT MANAGEMENT - Bono Modo Real Estate\" \/>\n<meta property=\"og:description\" content=\"Our Services Strategic Planning and Market Analysis As real estate consultants, we guide you through every phase of the real estate planning and development process, ensuring a seamless experience from concept to completion. We begin by identifying opportunities that align with market demand and client goals. Our thorough market research helps us pinpoint the right [&hellip;]\" \/>\n<meta property=\"og:url\" content=\"https:\/\/bonomodo.hr\/hr\/usluge\/upravljanje-projektom\/\" \/>\n<meta property=\"og:site_name\" content=\"Bono Modo Real Estate\" \/>\n<meta property=\"article:modified_time\" content=\"2024-12-02T10:15:17+00:00\" \/>\n<meta property=\"og:image\" content=\"https:\/\/bonomodo.hr\/wp-content\/uploads\/2024\/12\/Project-management.jpg\" \/>\n<meta name=\"twitter:card\" content=\"summary_large_image\" \/>\n<meta name=\"twitter:label1\" content=\"Procijenjeno vrijeme \u010ditanja\" \/>\n\t<meta name=\"twitter:data1\" content=\"2 minute\" \/>\n<script type=\"application\/ld+json\" class=\"yoast-schema-graph\">{\"@context\":\"https:\/\/schema.org\",\"@graph\":[{\"@type\":\"WebPage\",\"@id\":\"https:\/\/bonomodo.hr\/services\/project-management\/\",\"url\":\"https:\/\/bonomodo.hr\/services\/project-management\/\",\"name\":\"PROJECT MANAGEMENT - Bono Modo Real Estate\",\"isPartOf\":{\"@id\":\"https:\/\/bonomodo.hr\/#website\"},\"primaryImageOfPage\":{\"@id\":\"https:\/\/bonomodo.hr\/services\/project-management\/#primaryimage\"},\"image\":{\"@id\":\"https:\/\/bonomodo.hr\/services\/project-management\/#primaryimage\"},\"thumbnailUrl\":\"https:\/\/bonomodo.hr\/wp-content\/uploads\/2024\/12\/Project-management.jpg\",\"datePublished\":\"2024-09-06T10:23:19+00:00\",\"dateModified\":\"2024-12-02T10:15:17+00:00\",\"breadcrumb\":{\"@id\":\"https:\/\/bonomodo.hr\/services\/project-management\/#breadcrumb\"},\"inLanguage\":\"hr\",\"potentialAction\":[{\"@type\":\"ReadAction\",\"target\":[\"https:\/\/bonomodo.hr\/services\/project-management\/\"]}]},{\"@type\":\"ImageObject\",\"inLanguage\":\"hr\",\"@id\":\"https:\/\/bonomodo.hr\/services\/project-management\/#primaryimage\",\"url\":\"https:\/\/bonomodo.hr\/wp-content\/uploads\/2024\/12\/Project-management.jpg\",\"contentUrl\":\"https:\/\/bonomodo.hr\/wp-content\/uploads\/2024\/12\/Project-management.jpg\"},{\"@type\":\"BreadcrumbList\",\"@id\":\"https:\/\/bonomodo.hr\/services\/project-management\/#breadcrumb\",\"itemListElement\":[{\"@type\":\"ListItem\",\"position\":1,\"name\":\"Home\",\"item\":\"https:\/\/bonomodo.hr\/\"},{\"@type\":\"ListItem\",\"position\":2,\"name\":\"Our Services\",\"item\":\"https:\/\/bonomodo.hr\/services\/\"},{\"@type\":\"ListItem\",\"position\":3,\"name\":\"PROJECT MANAGEMENT\"}]},{\"@type\":\"WebSite\",\"@id\":\"https:\/\/bonomodo.hr\/#website\",\"url\":\"https:\/\/bonomodo.hr\/\",\"name\":\"Bono Modo Real Estate\",\"description\":\"\",\"publisher\":{\"@id\":\"https:\/\/bonomodo.hr\/#organization\"},\"potentialAction\":[{\"@type\":\"SearchAction\",\"target\":{\"@type\":\"EntryPoint\",\"urlTemplate\":\"https:\/\/bonomodo.hr\/?s={search_term_string}\"},\"query-input\":{\"@type\":\"PropertyValueSpecification\",\"valueRequired\":true,\"valueName\":\"search_term_string\"}}],\"inLanguage\":\"hr\"},{\"@type\":\"Organization\",\"@id\":\"https:\/\/bonomodo.hr\/#organization\",\"name\":\"Bono Modo Real Estate\",\"url\":\"https:\/\/bonomodo.hr\/\",\"logo\":{\"@type\":\"ImageObject\",\"inLanguage\":\"hr\",\"@id\":\"https:\/\/bonomodo.hr\/#\/schema\/logo\/image\/\",\"url\":\"https:\/\/bonomodo.hr\/wp-content\/uploads\/2024\/09\/Bono-Modo-GOLD-footer.png\",\"contentUrl\":\"https:\/\/bonomodo.hr\/wp-content\/uploads\/2024\/09\/Bono-Modo-GOLD-footer.png\",\"width\":160,\"height\":20,\"caption\":\"Bono Modo Real Estate\"},\"image\":{\"@id\":\"https:\/\/bonomodo.hr\/#\/schema\/logo\/image\/\"}}]}<\/script>\n<!-- \/ Yoast SEO plugin. -->","yoast_head_json":{"title":"PROJECT MANAGEMENT - Bono Modo Real Estate","robots":{"index":"index","follow":"follow","max-snippet":"max-snippet:-1","max-image-preview":"max-image-preview:large","max-video-preview":"max-video-preview:-1"},"canonical":"https:\/\/bonomodo.hr\/hr\/usluge\/upravljanje-projektom\/","og_locale":"hr_HR","og_type":"article","og_title":"PROJECT MANAGEMENT - Bono Modo Real Estate","og_description":"Our Services Strategic Planning and Market Analysis As real estate consultants, we guide you through every phase of the real estate planning and development process, ensuring a seamless experience from concept to completion. We begin by identifying opportunities that align with market demand and client goals. Our thorough market research helps us pinpoint the right [&hellip;]","og_url":"https:\/\/bonomodo.hr\/hr\/usluge\/upravljanje-projektom\/","og_site_name":"Bono Modo Real Estate","article_modified_time":"2024-12-02T10:15:17+00:00","og_image":[{"url":"https:\/\/bonomodo.hr\/wp-content\/uploads\/2024\/12\/Project-management.jpg"}],"twitter_card":"summary_large_image","twitter_misc":{"Procijenjeno vrijeme \u010ditanja":"2 minute"},"schema":{"@context":"https:\/\/schema.org","@graph":[{"@type":"WebPage","@id":"https:\/\/bonomodo.hr\/services\/project-management\/","url":"https:\/\/bonomodo.hr\/services\/project-management\/","name":"PROJECT MANAGEMENT - Bono Modo Real Estate","isPartOf":{"@id":"https:\/\/bonomodo.hr\/#website"},"primaryImageOfPage":{"@id":"https:\/\/bonomodo.hr\/services\/project-management\/#primaryimage"},"image":{"@id":"https:\/\/bonomodo.hr\/services\/project-management\/#primaryimage"},"thumbnailUrl":"https:\/\/bonomodo.hr\/wp-content\/uploads\/2024\/12\/Project-management.jpg","datePublished":"2024-09-06T10:23:19+00:00","dateModified":"2024-12-02T10:15:17+00:00","breadcrumb":{"@id":"https:\/\/bonomodo.hr\/services\/project-management\/#breadcrumb"},"inLanguage":"hr","potentialAction":[{"@type":"ReadAction","target":["https:\/\/bonomodo.hr\/services\/project-management\/"]}]},{"@type":"ImageObject","inLanguage":"hr","@id":"https:\/\/bonomodo.hr\/services\/project-management\/#primaryimage","url":"https:\/\/bonomodo.hr\/wp-content\/uploads\/2024\/12\/Project-management.jpg","contentUrl":"https:\/\/bonomodo.hr\/wp-content\/uploads\/2024\/12\/Project-management.jpg"},{"@type":"BreadcrumbList","@id":"https:\/\/bonomodo.hr\/services\/project-management\/#breadcrumb","itemListElement":[{"@type":"ListItem","position":1,"name":"Home","item":"https:\/\/bonomodo.hr\/"},{"@type":"ListItem","position":2,"name":"Our Services","item":"https:\/\/bonomodo.hr\/services\/"},{"@type":"ListItem","position":3,"name":"PROJECT MANAGEMENT"}]},{"@type":"WebSite","@id":"https:\/\/bonomodo.hr\/#website","url":"https:\/\/bonomodo.hr\/","name":"Bono Modo Real Estate","description":"","publisher":{"@id":"https:\/\/bonomodo.hr\/#organization"},"potentialAction":[{"@type":"SearchAction","target":{"@type":"EntryPoint","urlTemplate":"https:\/\/bonomodo.hr\/?s={search_term_string}"},"query-input":{"@type":"PropertyValueSpecification","valueRequired":true,"valueName":"search_term_string"}}],"inLanguage":"hr"},{"@type":"Organization","@id":"https:\/\/bonomodo.hr\/#organization","name":"Bono Modo Real Estate","url":"https:\/\/bonomodo.hr\/","logo":{"@type":"ImageObject","inLanguage":"hr","@id":"https:\/\/bonomodo.hr\/#\/schema\/logo\/image\/","url":"https:\/\/bonomodo.hr\/wp-content\/uploads\/2024\/09\/Bono-Modo-GOLD-footer.png","contentUrl":"https:\/\/bonomodo.hr\/wp-content\/uploads\/2024\/09\/Bono-Modo-GOLD-footer.png","width":160,"height":20,"caption":"Bono Modo Real Estate"},"image":{"@id":"https:\/\/bonomodo.hr\/#\/schema\/logo\/image\/"}}]}},"_links":{"self":[{"href":"https:\/\/bonomodo.hr\/hr\/wp-json\/wp\/v2\/pages\/1272"}],"collection":[{"href":"https:\/\/bonomodo.hr\/hr\/wp-json\/wp\/v2\/pages"}],"about":[{"href":"https:\/\/bonomodo.hr\/hr\/wp-json\/wp\/v2\/types\/page"}],"author":[{"embeddable":true,"href":"https:\/\/bonomodo.hr\/hr\/wp-json\/wp\/v2\/users\/1"}],"replies":[{"embeddable":true,"href":"https:\/\/bonomodo.hr\/hr\/wp-json\/wp\/v2\/comments?post=1272"}],"version-history":[{"count":31,"href":"https:\/\/bonomodo.hr\/hr\/wp-json\/wp\/v2\/pages\/1272\/revisions"}],"predecessor-version":[{"id":2489,"href":"https:\/\/bonomodo.hr\/hr\/wp-json\/wp\/v2\/pages\/1272\/revisions\/2489"}],"up":[{"embeddable":true,"href":"https:\/\/bonomodo.hr\/hr\/wp-json\/wp\/v2\/pages\/89"}],"wp:attachment":[{"href":"https:\/\/bonomodo.hr\/hr\/wp-json\/wp\/v2\/media?parent=1272"}],"curies":[{"name":"wp","href":"https:\/\/api.w.org\/{rel}","templated":true}]}}