{"id":1315,"date":"2024-09-06T11:10:17","date_gmt":"2024-09-06T11:10:17","guid":{"rendered":"https:\/\/bonomodo.hr\/?page_id=1315"},"modified":"2024-10-04T06:33:40","modified_gmt":"2024-10-04T06:33:40","slug":"executive-assistant","status":"publish","type":"page","link":"https:\/\/bonomodo.hr\/hr\/usluge\/organizacija-rada\/","title":{"rendered":"ORGANIZACIJA RADA"},"content":{"rendered":"<div data-elementor-type=\"wp-page\" data-elementor-id=\"1315\" class=\"elementor elementor-1315\" data-elementor-post-type=\"page\">\n\t\t\t\t\t\t<section class=\"elementor-section elementor-top-section elementor-element elementor-element-7af4561e elementor-section-full_width elementor-section-height-default elementor-section-height-default\" data-id=\"7af4561e\" data-element_type=\"section\">\n\t\t\t\t\t\t<div class=\"elementor-container elementor-column-gap-no\">\n\t\t\t\t\t<div class=\"elementor-column elementor-col-100 elementor-top-column elementor-element elementor-element-4ad4e0fa\" data-id=\"4ad4e0fa\" data-element_type=\"column\">\n\t\t\t<div class=\"elementor-widget-wrap elementor-element-populated\">\n\t\t\t\t\t\t<div class=\"elementor-element elementor-element-4167cd2e elementor-widget elementor-widget-tg-mission-vision\" data-id=\"4167cd2e\" data-element_type=\"widget\" data-widget_type=\"tg-mission-vision.default\">\n\t\t\t\t<div class=\"elementor-widget-container\">\n\t\t\t\r\n        \r\n            <!-- mission-area -->\r\n            <section class=\"mission-area\">\r\n                <div class=\"container\">\r\n                    <div class=\"row align-items-center\">\r\n\r\n                                                <div class=\"col-lg-6\">\r\n                            <div class=\"mission-img\">\r\n                                <img decoding=\"async\" src=\"https:\/\/bonomodo.hr\/wp-content\/uploads\/2024\/10\/Executive-assistance.jpg\" alt=\"\">\r\n                            <\/div>\r\n                        <\/div>\r\n                        \r\n                        <div class=\"col-lg-6\">\r\n                            <div class=\"mission-content\">\r\n                                                                <div class=\"section-title mb-40\">\r\n\r\n                                                                        <span class=\"sub-title\">Na\u0161e usluge<\/span>\r\n                                    \r\n                                    <h2 class=\"title\"> ORGANIZACIJA RADA<\/h2>\r\n                                <\/div>\r\n\r\n                                                                    <p class=\"desc\">U Bono Modu prepoznajemo razli\u010dite izazove i o\u010dekivanja s kojima se svakodnevno susre\u0107ete. Bilo da vodite startup kroz nadolaze\u0107u fazu financiranja, nadgledate dinami\u010dan portfelj ili usmjeravate strate\u0161ke inicijative multinacionalne korporacije, klju\u010dno je zadr\u017eati fokus, odlu\u010dnost i perspektivu okrenutu budu\u0107nosti. Na\u0161e usluge imaju za cilj oja\u010dati ove stavke ubla\u017eavanjem operativnih prepreka, omogu\u0107uju\u0107i Vam da se usredoto\u010dite na strate\u0161ke odluke.<\/p>\r\n                                \r\n                                \r\n                                \r\n                            <\/div>\r\n                        <\/div>\r\n                    <\/div>\r\n                <\/div>\r\n            <\/section>\r\n            <!-- mission-area-end -->\r\n\r\n        \r\n    \t\t<\/div>\n\t\t\t\t<\/div>\n\t\t\t\t\t<\/div>\n\t\t<\/div>\n\t\t\t\t\t<\/div>\n\t\t<\/section>\n\t\t\t\t<section class=\"elementor-section elementor-top-section elementor-element elementor-element-1a4845f1 elementor-section-full_width elementor-section-height-default elementor-section-height-default\" data-id=\"1a4845f1\" data-element_type=\"section\">\n\t\t\t\t\t\t<div class=\"elementor-container elementor-column-gap-no\">\n\t\t\t\t\t<div class=\"elementor-column elementor-col-100 elementor-top-column elementor-element elementor-element-1e92ef5b\" data-id=\"1e92ef5b\" data-element_type=\"column\">\n\t\t\t<div class=\"elementor-widget-wrap elementor-element-populated\">\n\t\t\t\t\t\t<div class=\"elementor-element elementor-element-289926ab newsletter-area-two elementor-widget elementor-widget-tp-cta\" data-id=\"289926ab\" data-element_type=\"widget\" data-widget_type=\"tp-cta.default\">\n\t\t\t\t<div class=\"elementor-widget-container\">\n\t\t\t\r\n        <!-- newsletter-area -->\r\n        <section class=\"newsletter-area\">\r\n            <div class=\"container\">\r\n                <div class=\"row\">\r\n                    <div class=\"col-lg-12\">\r\n                        <div class=\"newsletter-inner\">\r\n                            <div class=\"row justify-content-center\">\r\n                                <div class=\"col-xl-8\">\r\n                                    <div class=\"newsletter-content\">\r\n\r\n                                                                                <div class=\"section-title mb-50\">\r\n\r\n                                                                                            <span class=\"sub-title\">IMATE PITANJA<\/span>\r\n                                            \r\n                                            <h2 class=\"title\">KONTAKTIRAJTE NAS I ODGOVORIT \u0106EMO VAM U NAJBR\u017dEM MOGU\u0106EM ROKU<\/h2>\r\n                                        <\/div>\r\n                                        \r\n                                        \n<div class=\"wpcf7 no-js\" id=\"wpcf7-f256-o1\" lang=\"en-US\" dir=\"ltr\">\n<div class=\"screen-reader-response\"><p role=\"status\" aria-live=\"polite\" aria-atomic=\"true\"><\/p> <ul><\/ul><\/div>\n<form action=\"\/hr\/wp-json\/wp\/v2\/pages\/1315#wpcf7-f256-o1\" method=\"post\" class=\"wpcf7-form init\" aria-label=\"Contact form\" novalidate=\"novalidate\" data-status=\"init\" data-trp-original-action=\"\/hr\/wp-json\/wp\/v2\/pages\/1315#wpcf7-f256-o1\">\n<div style=\"display: none;\">\n<input type=\"hidden\" name=\"_wpcf7\" value=\"256\" \/>\n<input type=\"hidden\" name=\"_wpcf7_version\" value=\"5.9.8\" \/>\n<input type=\"hidden\" name=\"_wpcf7_locale\" value=\"en_US\" \/>\n<input type=\"hidden\" name=\"_wpcf7_unit_tag\" value=\"wpcf7-f256-o1\" \/>\n<input type=\"hidden\" name=\"_wpcf7_container_post\" value=\"0\" \/>\n<input type=\"hidden\" name=\"_wpcf7_posted_data_hash\" value=\"\" \/>\n<\/div>\n<div class=\"newsletter-form\">\n    <ul class=\"list-wrap\">\n        <li><span class=\"wpcf7-form-control-wrap\" data-name=\"your-name\"><input size=\"40\" maxlength=\"400\" class=\"wpcf7-form-control wpcf7-text wpcf7-validates-as-required\" aria-required=\"true\" aria-invalid=\"false\" placeholder=\"Ime i prezime\" value=\"\" type=\"text\" name=\"your-name\" \/><\/span><\/li>\n        <li><span class=\"wpcf7-form-control-wrap\" data-name=\"your-email\"><input size=\"40\" maxlength=\"400\" class=\"wpcf7-form-control wpcf7-email wpcf7-validates-as-required wpcf7-text wpcf7-validates-as-email\" aria-required=\"true\" aria-invalid=\"false\" placeholder=\"E-mail\" value=\"\" type=\"email\" name=\"your-email\" \/><\/span><\/li>\n        <li class=\"submit-btn\"><input class=\"wpcf7-form-control wpcf7-submit has-spinner\" type=\"submit\" value=\"PO\u0160ALJI\" \/><\/li>\n    <\/ul>\n    <div class=\"form-check\">\n        <input type=\"checkbox\" class=\"form-check-input\" id=\"checkbox\">\n        <label for=\"checkbox\">Prihva\u0107am <span>Odredbe i uvjete<\/span> za kori\u0161tenje osobnih podataka<\/label>\n    <\/div>\n<\/div><div class=\"wpcf7-response-output\" aria-hidden=\"true\"><\/div>\n<input type=\"hidden\" name=\"trp-form-language\" value=\"hr\"\/><\/form>\n<\/div>\n\r\n                                    <\/div>\r\n                                <\/div>\r\n                            <\/div>\r\n                        <\/div>\r\n                    <\/div>\r\n                <\/div>\r\n            <\/div>\r\n        <\/section>\r\n        <!-- newsletter-area-end -->\r\n\r\n    \t\t<\/div>\n\t\t\t\t<\/div>\n\t\t\t\t\t<\/div>\n\t\t<\/div>\n\t\t\t\t\t<\/div>\n\t\t<\/section>\n\t\t\t\t<\/div>","protected":false},"excerpt":{"rendered":"<p>Our Services EXECUTIVE ASSISTANT At Bono Modo, we recognize the distinct challenges and expectations you encounter daily. Whether you are guiding a startup through its upcoming funding phase, overseeing a dynamic portfolio, or directing the strategic initiatives of a multinational corporation, maintaining focus, decisiveness, and a forward-looking perspective is essential. Our services aim to strengthen [&hellip;]<\/p>","protected":false},"author":1,"featured_media":0,"parent":89,"menu_order":0,"comment_status":"closed","ping_status":"closed","template":"elementor_header_footer","meta":{"_acf_changed":false,"footnotes":""},"class_list":["post-1315","page","type-page","status-publish","hentry"],"acf":[],"yoast_head":"<!-- This site is optimized with the Yoast SEO plugin v23.5 - https:\/\/yoast.com\/wordpress\/plugins\/seo\/ -->\n<title>EXECUTIVE ASSISTANT - Bono Modo Real Estate<\/title>\n<meta name=\"robots\" content=\"index, follow, max-snippet:-1, max-image-preview:large, max-video-preview:-1\" \/>\n<link rel=\"canonical\" href=\"https:\/\/bonomodo.hr\/hr\/usluge\/organizacija-rada\/\" \/>\n<meta property=\"og:locale\" content=\"hr_HR\" \/>\n<meta property=\"og:type\" content=\"article\" \/>\n<meta property=\"og:title\" content=\"EXECUTIVE ASSISTANT - Bono Modo Real Estate\" \/>\n<meta property=\"og:description\" content=\"Our Services EXECUTIVE ASSISTANT At Bono Modo, we recognize the distinct challenges and expectations you encounter daily. Whether you are guiding a startup through its upcoming funding phase, overseeing a dynamic portfolio, or directing the strategic initiatives of a multinational corporation, maintaining focus, decisiveness, and a forward-looking perspective is essential. Our services aim to strengthen [&hellip;]\" \/>\n<meta property=\"og:url\" content=\"https:\/\/bonomodo.hr\/hr\/usluge\/organizacija-rada\/\" \/>\n<meta property=\"og:site_name\" content=\"Bono Modo Real Estate\" \/>\n<meta property=\"article:modified_time\" content=\"2024-10-04T06:33:40+00:00\" \/>\n<meta property=\"og:image\" content=\"https:\/\/bonomodo.hr\/wp-content\/uploads\/2024\/10\/Executive-assistance.jpg\" \/>\n<meta name=\"twitter:card\" content=\"summary_large_image\" \/>\n<script type=\"application\/ld+json\" class=\"yoast-schema-graph\">{\"@context\":\"https:\/\/schema.org\",\"@graph\":[{\"@type\":\"WebPage\",\"@id\":\"https:\/\/bonomodo.hr\/services\/executive-assistant\/\",\"url\":\"https:\/\/bonomodo.hr\/services\/executive-assistant\/\",\"name\":\"EXECUTIVE ASSISTANT - Bono Modo Real Estate\",\"isPartOf\":{\"@id\":\"https:\/\/bonomodo.hr\/#website\"},\"primaryImageOfPage\":{\"@id\":\"https:\/\/bonomodo.hr\/services\/executive-assistant\/#primaryimage\"},\"image\":{\"@id\":\"https:\/\/bonomodo.hr\/services\/executive-assistant\/#primaryimage\"},\"thumbnailUrl\":\"https:\/\/bonomodo.hr\/wp-content\/uploads\/2024\/10\/Executive-assistance.jpg\",\"datePublished\":\"2024-09-06T11:10:17+00:00\",\"dateModified\":\"2024-10-04T06:33:40+00:00\",\"breadcrumb\":{\"@id\":\"https:\/\/bonomodo.hr\/services\/executive-assistant\/#breadcrumb\"},\"inLanguage\":\"hr\",\"potentialAction\":[{\"@type\":\"ReadAction\",\"target\":[\"https:\/\/bonomodo.hr\/services\/executive-assistant\/\"]}]},{\"@type\":\"ImageObject\",\"inLanguage\":\"hr\",\"@id\":\"https:\/\/bonomodo.hr\/services\/executive-assistant\/#primaryimage\",\"url\":\"https:\/\/bonomodo.hr\/wp-content\/uploads\/2024\/10\/Executive-assistance.jpg\",\"contentUrl\":\"https:\/\/bonomodo.hr\/wp-content\/uploads\/2024\/10\/Executive-assistance.jpg\"},{\"@type\":\"BreadcrumbList\",\"@id\":\"https:\/\/bonomodo.hr\/services\/executive-assistant\/#breadcrumb\",\"itemListElement\":[{\"@type\":\"ListItem\",\"position\":1,\"name\":\"Home\",\"item\":\"https:\/\/bonomodo.hr\/\"},{\"@type\":\"ListItem\",\"position\":2,\"name\":\"Our Services\",\"item\":\"https:\/\/bonomodo.hr\/services\/\"},{\"@type\":\"ListItem\",\"position\":3,\"name\":\"EXECUTIVE ASSISTANT\"}]},{\"@type\":\"WebSite\",\"@id\":\"https:\/\/bonomodo.hr\/#website\",\"url\":\"https:\/\/bonomodo.hr\/\",\"name\":\"Bono Modo Real Estate\",\"description\":\"\",\"publisher\":{\"@id\":\"https:\/\/bonomodo.hr\/#organization\"},\"potentialAction\":[{\"@type\":\"SearchAction\",\"target\":{\"@type\":\"EntryPoint\",\"urlTemplate\":\"https:\/\/bonomodo.hr\/?s={search_term_string}\"},\"query-input\":{\"@type\":\"PropertyValueSpecification\",\"valueRequired\":true,\"valueName\":\"search_term_string\"}}],\"inLanguage\":\"hr\"},{\"@type\":\"Organization\",\"@id\":\"https:\/\/bonomodo.hr\/#organization\",\"name\":\"Bono Modo Real Estate\",\"url\":\"https:\/\/bonomodo.hr\/\",\"logo\":{\"@type\":\"ImageObject\",\"inLanguage\":\"hr\",\"@id\":\"https:\/\/bonomodo.hr\/#\/schema\/logo\/image\/\",\"url\":\"https:\/\/bonomodo.hr\/wp-content\/uploads\/2024\/09\/Bono-Modo-GOLD-footer.png\",\"contentUrl\":\"https:\/\/bonomodo.hr\/wp-content\/uploads\/2024\/09\/Bono-Modo-GOLD-footer.png\",\"width\":160,\"height\":20,\"caption\":\"Bono Modo Real Estate\"},\"image\":{\"@id\":\"https:\/\/bonomodo.hr\/#\/schema\/logo\/image\/\"}}]}<\/script>\n<!-- \/ Yoast SEO plugin. -->","yoast_head_json":{"title":"EXECUTIVE ASSISTANT - Bono Modo Real Estate","robots":{"index":"index","follow":"follow","max-snippet":"max-snippet:-1","max-image-preview":"max-image-preview:large","max-video-preview":"max-video-preview:-1"},"canonical":"https:\/\/bonomodo.hr\/hr\/usluge\/organizacija-rada\/","og_locale":"hr_HR","og_type":"article","og_title":"EXECUTIVE ASSISTANT - Bono Modo Real Estate","og_description":"Our Services EXECUTIVE ASSISTANT At Bono Modo, we recognize the distinct challenges and expectations you encounter daily. Whether you are guiding a startup through its upcoming funding phase, overseeing a dynamic portfolio, or directing the strategic initiatives of a multinational corporation, maintaining focus, decisiveness, and a forward-looking perspective is essential. Our services aim to strengthen [&hellip;]","og_url":"https:\/\/bonomodo.hr\/hr\/usluge\/organizacija-rada\/","og_site_name":"Bono Modo Real Estate","article_modified_time":"2024-10-04T06:33:40+00:00","og_image":[{"url":"https:\/\/bonomodo.hr\/wp-content\/uploads\/2024\/10\/Executive-assistance.jpg"}],"twitter_card":"summary_large_image","schema":{"@context":"https:\/\/schema.org","@graph":[{"@type":"WebPage","@id":"https:\/\/bonomodo.hr\/services\/executive-assistant\/","url":"https:\/\/bonomodo.hr\/services\/executive-assistant\/","name":"EXECUTIVE ASSISTANT - Bono Modo Real Estate","isPartOf":{"@id":"https:\/\/bonomodo.hr\/#website"},"primaryImageOfPage":{"@id":"https:\/\/bonomodo.hr\/services\/executive-assistant\/#primaryimage"},"image":{"@id":"https:\/\/bonomodo.hr\/services\/executive-assistant\/#primaryimage"},"thumbnailUrl":"https:\/\/bonomodo.hr\/wp-content\/uploads\/2024\/10\/Executive-assistance.jpg","datePublished":"2024-09-06T11:10:17+00:00","dateModified":"2024-10-04T06:33:40+00:00","breadcrumb":{"@id":"https:\/\/bonomodo.hr\/services\/executive-assistant\/#breadcrumb"},"inLanguage":"hr","potentialAction":[{"@type":"ReadAction","target":["https:\/\/bonomodo.hr\/services\/executive-assistant\/"]}]},{"@type":"ImageObject","inLanguage":"hr","@id":"https:\/\/bonomodo.hr\/services\/executive-assistant\/#primaryimage","url":"https:\/\/bonomodo.hr\/wp-content\/uploads\/2024\/10\/Executive-assistance.jpg","contentUrl":"https:\/\/bonomodo.hr\/wp-content\/uploads\/2024\/10\/Executive-assistance.jpg"},{"@type":"BreadcrumbList","@id":"https:\/\/bonomodo.hr\/services\/executive-assistant\/#breadcrumb","itemListElement":[{"@type":"ListItem","position":1,"name":"Home","item":"https:\/\/bonomodo.hr\/"},{"@type":"ListItem","position":2,"name":"Our Services","item":"https:\/\/bonomodo.hr\/services\/"},{"@type":"ListItem","position":3,"name":"EXECUTIVE ASSISTANT"}]},{"@type":"WebSite","@id":"https:\/\/bonomodo.hr\/#website","url":"https:\/\/bonomodo.hr\/","name":"Bono Modo Real Estate","description":"","publisher":{"@id":"https:\/\/bonomodo.hr\/#organization"},"potentialAction":[{"@type":"SearchAction","target":{"@type":"EntryPoint","urlTemplate":"https:\/\/bonomodo.hr\/?s={search_term_string}"},"query-input":{"@type":"PropertyValueSpecification","valueRequired":true,"valueName":"search_term_string"}}],"inLanguage":"hr"},{"@type":"Organization","@id":"https:\/\/bonomodo.hr\/#organization","name":"Bono Modo Real Estate","url":"https:\/\/bonomodo.hr\/","logo":{"@type":"ImageObject","inLanguage":"hr","@id":"https:\/\/bonomodo.hr\/#\/schema\/logo\/image\/","url":"https:\/\/bonomodo.hr\/wp-content\/uploads\/2024\/09\/Bono-Modo-GOLD-footer.png","contentUrl":"https:\/\/bonomodo.hr\/wp-content\/uploads\/2024\/09\/Bono-Modo-GOLD-footer.png","width":160,"height":20,"caption":"Bono Modo Real Estate"},"image":{"@id":"https:\/\/bonomodo.hr\/#\/schema\/logo\/image\/"}}]}},"_links":{"self":[{"href":"https:\/\/bonomodo.hr\/hr\/wp-json\/wp\/v2\/pages\/1315"}],"collection":[{"href":"https:\/\/bonomodo.hr\/hr\/wp-json\/wp\/v2\/pages"}],"about":[{"href":"https:\/\/bonomodo.hr\/hr\/wp-json\/wp\/v2\/types\/page"}],"author":[{"embeddable":true,"href":"https:\/\/bonomodo.hr\/hr\/wp-json\/wp\/v2\/users\/1"}],"replies":[{"embeddable":true,"href":"https:\/\/bonomodo.hr\/hr\/wp-json\/wp\/v2\/comments?post=1315"}],"version-history":[{"count":7,"href":"https:\/\/bonomodo.hr\/hr\/wp-json\/wp\/v2\/pages\/1315\/revisions"}],"predecessor-version":[{"id":2163,"href":"https:\/\/bonomodo.hr\/hr\/wp-json\/wp\/v2\/pages\/1315\/revisions\/2163"}],"up":[{"embeddable":true,"href":"https:\/\/bonomodo.hr\/hr\/wp-json\/wp\/v2\/pages\/89"}],"wp:attachment":[{"href":"https:\/\/bonomodo.hr\/hr\/wp-json\/wp\/v2\/media?parent=1315"}],"curies":[{"name":"wp","href":"https:\/\/api.w.org\/{rel}","templated":true}]}}