{"id":1750,"date":"2024-09-24T08:05:40","date_gmt":"2024-09-24T08:05:40","guid":{"rendered":"https:\/\/bonomodo.hr\/?page_id=1750"},"modified":"2025-01-07T10:16:10","modified_gmt":"2025-01-07T10:16:10","slug":"maja-odak","status":"publish","type":"page","link":"https:\/\/bonomodo.hr\/hr\/nas-tim\/maja-odak\/","title":{"rendered":"Maja Odak"},"content":{"rendered":"<div data-elementor-type=\"wp-page\" data-elementor-id=\"1750\" class=\"elementor elementor-1750\" data-elementor-post-type=\"page\">\n\t\t\t\t\t\t<section class=\"elementor-section elementor-top-section elementor-element elementor-element-764a71ff elementor-section-full_width elementor-section-height-default elementor-section-height-default\" data-id=\"764a71ff\" data-element_type=\"section\">\n\t\t\t\t\t\t<div class=\"elementor-container elementor-column-gap-no\">\n\t\t\t\t\t<div class=\"elementor-column elementor-col-100 elementor-top-column elementor-element elementor-element-33f7db99\" data-id=\"33f7db99\" data-element_type=\"column\">\n\t\t\t<div class=\"elementor-widget-wrap elementor-element-populated\">\n\t\t\t\t\t\t<div class=\"elementor-element elementor-element-6e1606f1 elementor-widget elementor-widget-team-details\" data-id=\"6e1606f1\" data-element_type=\"widget\" data-widget_type=\"team-details.default\">\n\t\t\t\t<div class=\"elementor-widget-container\">\n\t\t\t\r\n\r\n        <!-- team-details-area -->\r\n        <section class=\"team-details-area\">\r\n            <div class=\"container\">\r\n                <div class=\"row justify-content-center\">\r\n\r\n                                        <div class=\"col-lg-5 col-md-9\">\r\n                        <div class=\"team-details-thumb\">\r\n                            <img decoding=\"async\" src=\"https:\/\/bonomodo.hr\/wp-content\/uploads\/2024\/12\/Maja-Odak-profile.jpg\" alt=\"\">\r\n                        <\/div>\r\n                    <\/div>\r\n                    \r\n                    <div class=\"col-lg-7\">\r\n                        <div class=\"team-details-content\">\r\n\r\n                                                        <span class=\"sub-title\">Project manager<\/span>\r\n                            \r\n                                                        <h2 class=\"title\">Maja Odak<\/h2>\r\n                            \r\n                            <div class=\"td-contact\">\r\n                                <ul class=\"list-wrap\">\r\n\r\n                                                                        <li><a href=\"mailto:m.odak@copernicus-capital.com\">m.odak@copernicus-capital.com<\/a><\/li>\r\n                                    \r\n                                                                        <li><a href=\"tel: 385 98 166 4508\">+385 98 166 4508<\/a><\/li>\r\n                                    \r\n                                <\/ul>\r\n                            <\/div>\r\n\r\n                                                        <div class=\"td-social\">\r\n                                <ul class=\"list-wrap\">\r\n\r\n                                    <li><a target=\"_blank\" rel=\"noopener\"  href=\"https:\/\/www.linkedin.com\/company\/bono-modo-real-estate\" class=\"cs-center elementor-repeater-item-9da6a2d\"><i class=\"fab fa-linkedin\" aria-hidden=\"true\"><\/i><\/a><\/li>\r\n                                <\/ul>\r\n                            <\/div>\r\n                            \r\n                            <div class=\"page\" title=\"Page 1\"><div class=\"layoutArea\"><div class=\"column\"><p>Aktivno sam sudjelovala u razvoju start-up projekata i ulaganja, rade\u0107i na podru\u010djima kao \u0161to su due diligence, reorganizacija poslovanja te olak\u0161avanje spajanja, akvizicija i prodajnih procesa. Osim toga, direktno sam odgovarala za realizaciju novih poslovnih projekata i ideja te njihovoj provedbi. Upravljaju\u0107i nizom poslovnih aktivnosti u Ujedinjenom Kraljevstvu i Europi, nadgledala sam izradu prora\u010duna i financijskih projekcija za vi\u0161e poduze\u0107a, kao i obradu poreznih prijava za subjekte u Ujedinjenom Kraljevstvu i Hrvatskoj.<\/p><p>Moje odgovornosti su se protezale i na koordinaciju poslovnih putovanja i izradu detaljnih itinerera \u0161irom svijeta, osiguravaju\u0107i besprijekorne aran\u017emane putovanja za sve uklju\u010dene dionike.<\/p><p>Kao projektni menad\u017eer, preuzimala sam zadatke definiranja opsega projekta, utvr\u0111ivanja ciljeva i rezultata te izrade sveobuhvatnih rasporeda i rokova za usmjeravanje napredovanja projekta. Kada je bilo potrebno, implementirala sam i u\u010dinkovito upravljala promjenama kako bih se uskladila s ciljevima projekta, aktivno razvijaju\u0107i sustave i alate za mjerenje izvedbe projekta i ocjenu rezultata.<\/p><p>U suradnji s izvr\u0161nim direktorima, pomno sam pratila napredak projekta, davala detaljna izvje\u0161\u0107a i predlagala inovativne ideje za pobolj\u0161anje rezultata.<\/p><p>Nadalje, moje iskustvo se prote\u017ee i na upravljanje i koordinaciju internih uredskih procedura, organiziranje timskih sastanaka i konferencija te povezivanje s dionicima kako bi se osigurala uskla\u0111enost sa zahtjevima klijenata. Nude\u0107i pomo\u0107 izvr\u0161nim direktorima, aktivno sam sudjelovala u prodaji poduze\u0107a, stjecanju novih nekretnina i ulaganjima te aktivnostima upravljanja imovinom koje uklju\u010duju obveznice, kriptovalute i ETF-ove.<\/p><\/div><\/div><\/div>\r\n                                                        <div class=\"sine-img mt-40\">\r\n                               <img decoding=\"async\" src=\"https:\/\/bonomodo.hr\/wp-content\/uploads\/2024\/10\/Maja-potpis-3-1.png\" class=\"sign\" alt=\"\">\r\n                            <\/div>\r\n                            \r\n                        <\/div>\r\n                    <\/div>\r\n                <\/div>\r\n            <\/div>\r\n        <\/section>\r\n        <!-- team-details-area-end -->\r\n\r\n\t\t\t<\/div>\n\t\t\t\t<\/div>\n\t\t\t\t\t<\/div>\n\t\t<\/div>\n\t\t\t\t\t<\/div>\n\t\t<\/section>\n\t\t\t\t<section class=\"elementor-section elementor-top-section elementor-element elementor-element-67e2b4a2 elementor-section-boxed elementor-section-height-default elementor-section-height-default\" data-id=\"67e2b4a2\" data-element_type=\"section\">\n\t\t\t\t\t\t<div class=\"elementor-container elementor-column-gap-default\">\n\t\t\t\t\t<div class=\"elementor-column elementor-col-100 elementor-top-column elementor-element elementor-element-6ce71e16\" data-id=\"6ce71e16\" data-element_type=\"column\">\n\t\t\t<div class=\"elementor-widget-wrap elementor-element-populated\">\n\t\t\t\t\t\t<div class=\"elementor-element elementor-element-249755b9 elementor-widget elementor-widget-tp-heading\" data-id=\"249755b9\" data-element_type=\"widget\" data-widget_type=\"tp-heading.default\">\n\t\t\t\t<div class=\"elementor-widget-container\">\n\t\t\t\r\n\t\t\r\n            <div class=\"section-title\">\r\n\r\n                <span class=\"sub-title\">Ostavite poruku<\/span>\r\n                <h2 class=\"title\">Kontaktirajte Maju<\/h2>\r\n                \r\n            <\/div>\r\n\r\n        \r\n        \t\t<\/div>\n\t\t\t\t<\/div>\n\t\t\t\t<div class=\"elementor-element elementor-element-7b87cc79 elementor-widget elementor-widget-shortcode\" data-id=\"7b87cc79\" data-element_type=\"widget\" data-widget_type=\"shortcode.default\">\n\t\t\t\t<div class=\"elementor-widget-container\">\n\t\t\t\t\t<div class=\"elementor-shortcode\">\n<div class=\"wpcf7 no-js\" id=\"wpcf7-f708-o1\" lang=\"en-US\" dir=\"ltr\">\n<div class=\"screen-reader-response\"><p role=\"status\" aria-live=\"polite\" aria-atomic=\"true\"><\/p> <ul><\/ul><\/div>\n<form action=\"\/hr\/wp-json\/wp\/v2\/pages\/1750#wpcf7-f708-o1\" method=\"post\" class=\"wpcf7-form init\" aria-label=\"Contact form\" novalidate=\"novalidate\" data-status=\"init\" data-trp-original-action=\"\/hr\/wp-json\/wp\/v2\/pages\/1750#wpcf7-f708-o1\">\n<div style=\"display: none;\">\n<input type=\"hidden\" name=\"_wpcf7\" value=\"708\" \/>\n<input type=\"hidden\" name=\"_wpcf7_version\" value=\"5.9.8\" \/>\n<input type=\"hidden\" name=\"_wpcf7_locale\" value=\"en_US\" \/>\n<input type=\"hidden\" name=\"_wpcf7_unit_tag\" value=\"wpcf7-f708-o1\" \/>\n<input type=\"hidden\" name=\"_wpcf7_container_post\" value=\"0\" \/>\n<input type=\"hidden\" name=\"_wpcf7_posted_data_hash\" value=\"\" \/>\n<\/div>\n<div class=\"contact-form-wrap\">\n    <div class=\"row\">\n        <div class=\"col-md-6\">\n            <div class=\"form-grp\">\n                <span class=\"wpcf7-form-control-wrap\" data-name=\"your-name\"><input size=\"40\" maxlength=\"400\" class=\"wpcf7-form-control wpcf7-text wpcf7-validates-as-required\" aria-required=\"true\" aria-invalid=\"false\" placeholder=\"Ime i prezime\" value=\"\" type=\"text\" name=\"your-name\" \/><\/span>\n            <\/div>\n        <\/div>\n        <div class=\"col-md-6\">\n            <div class=\"form-grp\">\n                <span class=\"wpcf7-form-control-wrap\" data-name=\"your-email\"><input size=\"40\" maxlength=\"400\" class=\"wpcf7-form-control wpcf7-email wpcf7-validates-as-required wpcf7-text wpcf7-validates-as-email\" aria-required=\"true\" aria-invalid=\"false\" placeholder=\"E-mail\" value=\"\" type=\"email\" name=\"your-email\" \/><\/span>\n            <\/div>\n        <\/div>\n    <\/div>\n    <div class=\"form-grp\">\n        <span class=\"wpcf7-form-control-wrap\" data-name=\"your-message\"><textarea cols=\"40\" rows=\"10\" maxlength=\"2000\" class=\"wpcf7-form-control wpcf7-textarea\" aria-invalid=\"false\" placeholder=\"Napi\u0161ite poruku\" name=\"your-message\"><\/textarea><\/span>\n    <\/div>\n    <div class=\"form-check\">\n        <input type=\"checkbox\" class=\"form-check-input\" id=\"checkbox\">\n        <label for=\"checkbox\">Prihva\u0107am <span>Odredbe i uvjete<\/span> za kori\u0161tenje osobnih podataka<\/label>\n    <\/div>\n    <div class=\"form-submit\">\n        <input class=\"wpcf7-form-control wpcf7-submit has-spinner\" type=\"submit\" value=\"Po\u0161aljite\" \/>\n    <\/div>\n<\/div><div class=\"wpcf7-response-output\" aria-hidden=\"true\"><\/div>\n<input type=\"hidden\" name=\"trp-form-language\" value=\"hr\"\/><\/form>\n<\/div>\n<\/div>\n\t\t\t\t<\/div>\n\t\t\t\t<\/div>\n\t\t\t\t\t<\/div>\n\t\t<\/div>\n\t\t\t\t\t<\/div>\n\t\t<\/section>\n\t\t\t\t<section class=\"elementor-section elementor-top-section elementor-element elementor-element-69f335d8 elementor-section-full_width elementor-section-height-default elementor-section-height-default\" data-id=\"69f335d8\" data-element_type=\"section\" data-settings=\"{&quot;background_background&quot;:&quot;classic&quot;}\">\n\t\t\t\t\t\t<div class=\"elementor-container elementor-column-gap-no\">\n\t\t\t\t\t<div class=\"elementor-column elementor-col-100 elementor-top-column elementor-element elementor-element-384ceb39\" data-id=\"384ceb39\" data-element_type=\"column\">\n\t\t\t<div class=\"elementor-widget-wrap elementor-element-populated\">\n\t\t\t\t\t\t<div class=\"elementor-element elementor-element-dffeaff elementor-widget elementor-widget-tg-team\" data-id=\"dffeaff\" data-element_type=\"widget\" data-widget_type=\"tg-team.default\">\n\t\t\t\t<div class=\"elementor-widget-container\">\n\t\t\t\r\n\r\n        <!-- team-area -->\r\n        <section class=\"team-area\">\r\n            <div class=\"container\">\r\n\r\n                                <div class=\"row justify-content-center\">\r\n                    <div class=\"col-xl-6 col-lg-7\">\r\n                        <div class=\"section-title text-center mb-55\">\r\n\r\n                                                            <span class=\"sub-title\">RUKOVODSTVO<\/span>\r\n                            \r\n                            <h2 class=\"title\">UPOZNAJTE NA\u0160 TIM<\/h2>\r\n                        <\/div>\r\n                    <\/div>\r\n                <\/div>\r\n                \r\n                <div class=\"team-item-wrap\">\r\n                    <div class=\"row justify-content-center\">\r\n\r\n                                                <div class=\"col-xl-3 col-md-4 col-sm-6\">\r\n                            <div class=\"team-item\">\r\n\r\n                                                                <div class=\"team-thumb\">\r\n                                    <a href=\"https:\/\/bonomodo.hr\/hr\/nas-tim\/boris-odak\/\"><img decoding=\"async\" src=\"https:\/\/bonomodo.hr\/wp-content\/uploads\/2024\/12\/Boris-Odak-profile.jpg\" alt=\"\"><\/a>\r\n                                <\/div>\r\n                                \r\n                                <div class=\"team-content\">\r\n                                    <h3 class=\"title\"><a href=\"https:\/\/bonomodo.hr\/hr\/nas-tim\/boris-odak\/\">Boris Odak<\/a><\/h3>\r\n\r\n                                                                            <span>IZVR\u0160NI DIREKTOR<\/span>\r\n                                    \r\n                                <\/div>\r\n                            <\/div>\r\n                        <\/div>\r\n                                                <div class=\"col-xl-3 col-md-4 col-sm-6\">\r\n                            <div class=\"team-item\">\r\n\r\n                                                                <div class=\"team-thumb\">\r\n                                    <a href=\"https:\/\/bonomodo.hr\/hr\/nas-tim\/maja-odak\/\"><img decoding=\"async\" src=\"https:\/\/bonomodo.hr\/wp-content\/uploads\/2024\/12\/Maja-Odak-profile.jpg\" alt=\"\"><\/a>\r\n                                <\/div>\r\n                                \r\n                                <div class=\"team-content\">\r\n                                    <h3 class=\"title\"><a href=\"https:\/\/bonomodo.hr\/hr\/nas-tim\/maja-odak\/\">Maja Odak<\/a><\/h3>\r\n\r\n                                                                            <span>PROJEKTNI MENAD\u017dER<\/span>\r\n                                    \r\n                                <\/div>\r\n                            <\/div>\r\n                        <\/div>\r\n                        \r\n                    <\/div>\r\n                <\/div>\r\n\r\n                                <div class=\"view-more-btn text-center mt-30\">\r\n                    <a href=\"https:\/\/bonomodo.hr\/hr\/nas-tim\/\" target=\"_self\" rel=\"nofollow\" class=\"btn transparent-btn\" >\r\n                        <div class=\"btn_m\">\r\n                            <div class=\"btn_c\">\r\n                                <div class=\"btn_t1\">SVI \u010cLANOVI TIMA<\/div>\r\n                                <div class=\"btn_t2\">SVI \u010cLANOVI TIMA<\/div>\r\n                            <\/div>\r\n                        <\/div>\r\n                    <\/a>\r\n                <\/div>\r\n                \r\n            <\/div>\r\n        <\/section>\r\n        <!-- team-area-end -->\r\n\r\n\t\t\t<\/div>\n\t\t\t\t<\/div>\n\t\t\t\t\t<\/div>\n\t\t<\/div>\n\t\t\t\t\t<\/div>\n\t\t<\/section>\n\t\t\t\t<\/div>","protected":false},"excerpt":{"rendered":"<p>Project manager Maja Odak m.odak@copernicus-capital.com +385 98 166 4508 I have been actively involved in various facets of company start-ups and investments, offering support in crucial areas such as due diligence, business reorganizations, and the facilitation of mergers, acquisitions, and sales processes. Additionally, I have played a key role in bringing new business projects and [&hellip;]<\/p>","protected":false},"author":1,"featured_media":0,"parent":91,"menu_order":0,"comment_status":"closed","ping_status":"closed","template":"elementor_header_footer","meta":{"_acf_changed":false,"footnotes":""},"class_list":["post-1750","page","type-page","status-publish","hentry"],"acf":[],"yoast_head":"<!-- This site is optimized with the Yoast SEO plugin v23.5 - https:\/\/yoast.com\/wordpress\/plugins\/seo\/ -->\n<title>Maja Odak - Bono Modo Real Estate<\/title>\n<meta name=\"robots\" content=\"index, follow, max-snippet:-1, max-image-preview:large, max-video-preview:-1\" \/>\n<link rel=\"canonical\" href=\"https:\/\/bonomodo.hr\/hr\/nas-tim\/maja-odak\/\" \/>\n<meta property=\"og:locale\" content=\"hr_HR\" \/>\n<meta property=\"og:type\" content=\"article\" \/>\n<meta property=\"og:title\" content=\"Maja Odak - Bono Modo Real Estate\" \/>\n<meta property=\"og:description\" content=\"Project manager Maja Odak m.odak@copernicus-capital.com +385 98 166 4508 I have been actively involved in various facets of company start-ups and investments, offering support in crucial areas such as due diligence, business reorganizations, and the facilitation of mergers, acquisitions, and sales processes. Additionally, I have played a key role in bringing new business projects and [&hellip;]\" \/>\n<meta property=\"og:url\" content=\"https:\/\/bonomodo.hr\/hr\/nas-tim\/maja-odak\/\" \/>\n<meta property=\"og:site_name\" content=\"Bono Modo Real Estate\" \/>\n<meta property=\"article:modified_time\" content=\"2025-01-07T10:16:10+00:00\" \/>\n<meta property=\"og:image\" content=\"https:\/\/bonomodo.hr\/wp-content\/uploads\/2024\/12\/Maja-Odak-profile.jpg\" \/>\n<meta name=\"twitter:card\" content=\"summary_large_image\" \/>\n<meta name=\"twitter:label1\" content=\"Procijenjeno vrijeme \u010ditanja\" \/>\n\t<meta name=\"twitter:data1\" content=\"1 minuta\" \/>\n<script type=\"application\/ld+json\" class=\"yoast-schema-graph\">{\"@context\":\"https:\/\/schema.org\",\"@graph\":[{\"@type\":\"WebPage\",\"@id\":\"https:\/\/bonomodo.hr\/our-team\/maja-odak\/\",\"url\":\"https:\/\/bonomodo.hr\/our-team\/maja-odak\/\",\"name\":\"Maja Odak - Bono Modo Real Estate\",\"isPartOf\":{\"@id\":\"https:\/\/bonomodo.hr\/#website\"},\"primaryImageOfPage\":{\"@id\":\"https:\/\/bonomodo.hr\/our-team\/maja-odak\/#primaryimage\"},\"image\":{\"@id\":\"https:\/\/bonomodo.hr\/our-team\/maja-odak\/#primaryimage\"},\"thumbnailUrl\":\"https:\/\/bonomodo.hr\/wp-content\/uploads\/2024\/12\/Maja-Odak-profile.jpg\",\"datePublished\":\"2024-09-24T08:05:40+00:00\",\"dateModified\":\"2025-01-07T10:16:10+00:00\",\"breadcrumb\":{\"@id\":\"https:\/\/bonomodo.hr\/our-team\/maja-odak\/#breadcrumb\"},\"inLanguage\":\"hr\",\"potentialAction\":[{\"@type\":\"ReadAction\",\"target\":[\"https:\/\/bonomodo.hr\/our-team\/maja-odak\/\"]}]},{\"@type\":\"ImageObject\",\"inLanguage\":\"hr\",\"@id\":\"https:\/\/bonomodo.hr\/our-team\/maja-odak\/#primaryimage\",\"url\":\"https:\/\/bonomodo.hr\/wp-content\/uploads\/2024\/12\/Maja-Odak-profile.jpg\",\"contentUrl\":\"https:\/\/bonomodo.hr\/wp-content\/uploads\/2024\/12\/Maja-Odak-profile.jpg\"},{\"@type\":\"BreadcrumbList\",\"@id\":\"https:\/\/bonomodo.hr\/our-team\/maja-odak\/#breadcrumb\",\"itemListElement\":[{\"@type\":\"ListItem\",\"position\":1,\"name\":\"Home\",\"item\":\"https:\/\/bonomodo.hr\/\"},{\"@type\":\"ListItem\",\"position\":2,\"name\":\"Our Team\",\"item\":\"https:\/\/bonomodo.hr\/our-team\/\"},{\"@type\":\"ListItem\",\"position\":3,\"name\":\"Maja Odak\"}]},{\"@type\":\"WebSite\",\"@id\":\"https:\/\/bonomodo.hr\/#website\",\"url\":\"https:\/\/bonomodo.hr\/\",\"name\":\"Bono Modo Real Estate\",\"description\":\"\",\"publisher\":{\"@id\":\"https:\/\/bonomodo.hr\/#organization\"},\"potentialAction\":[{\"@type\":\"SearchAction\",\"target\":{\"@type\":\"EntryPoint\",\"urlTemplate\":\"https:\/\/bonomodo.hr\/?s={search_term_string}\"},\"query-input\":{\"@type\":\"PropertyValueSpecification\",\"valueRequired\":true,\"valueName\":\"search_term_string\"}}],\"inLanguage\":\"hr\"},{\"@type\":\"Organization\",\"@id\":\"https:\/\/bonomodo.hr\/#organization\",\"name\":\"Bono Modo Real Estate\",\"url\":\"https:\/\/bonomodo.hr\/\",\"logo\":{\"@type\":\"ImageObject\",\"inLanguage\":\"hr\",\"@id\":\"https:\/\/bonomodo.hr\/#\/schema\/logo\/image\/\",\"url\":\"https:\/\/bonomodo.hr\/wp-content\/uploads\/2024\/09\/Bono-Modo-GOLD-footer.png\",\"contentUrl\":\"https:\/\/bonomodo.hr\/wp-content\/uploads\/2024\/09\/Bono-Modo-GOLD-footer.png\",\"width\":160,\"height\":20,\"caption\":\"Bono Modo Real Estate\"},\"image\":{\"@id\":\"https:\/\/bonomodo.hr\/#\/schema\/logo\/image\/\"}}]}<\/script>\n<!-- \/ Yoast SEO plugin. -->","yoast_head_json":{"title":"Maja Odak - Bono Modo Real Estate","robots":{"index":"index","follow":"follow","max-snippet":"max-snippet:-1","max-image-preview":"max-image-preview:large","max-video-preview":"max-video-preview:-1"},"canonical":"https:\/\/bonomodo.hr\/hr\/nas-tim\/maja-odak\/","og_locale":"hr_HR","og_type":"article","og_title":"Maja Odak - Bono Modo Real Estate","og_description":"Project manager Maja Odak m.odak@copernicus-capital.com +385 98 166 4508 I have been actively involved in various facets of company start-ups and investments, offering support in crucial areas such as due diligence, business reorganizations, and the facilitation of mergers, acquisitions, and sales processes. Additionally, I have played a key role in bringing new business projects and [&hellip;]","og_url":"https:\/\/bonomodo.hr\/hr\/nas-tim\/maja-odak\/","og_site_name":"Bono Modo Real Estate","article_modified_time":"2025-01-07T10:16:10+00:00","og_image":[{"url":"https:\/\/bonomodo.hr\/wp-content\/uploads\/2024\/12\/Maja-Odak-profile.jpg"}],"twitter_card":"summary_large_image","twitter_misc":{"Procijenjeno vrijeme \u010ditanja":"1 minuta"},"schema":{"@context":"https:\/\/schema.org","@graph":[{"@type":"WebPage","@id":"https:\/\/bonomodo.hr\/our-team\/maja-odak\/","url":"https:\/\/bonomodo.hr\/our-team\/maja-odak\/","name":"Maja Odak - Bono Modo Real Estate","isPartOf":{"@id":"https:\/\/bonomodo.hr\/#website"},"primaryImageOfPage":{"@id":"https:\/\/bonomodo.hr\/our-team\/maja-odak\/#primaryimage"},"image":{"@id":"https:\/\/bonomodo.hr\/our-team\/maja-odak\/#primaryimage"},"thumbnailUrl":"https:\/\/bonomodo.hr\/wp-content\/uploads\/2024\/12\/Maja-Odak-profile.jpg","datePublished":"2024-09-24T08:05:40+00:00","dateModified":"2025-01-07T10:16:10+00:00","breadcrumb":{"@id":"https:\/\/bonomodo.hr\/our-team\/maja-odak\/#breadcrumb"},"inLanguage":"hr","potentialAction":[{"@type":"ReadAction","target":["https:\/\/bonomodo.hr\/our-team\/maja-odak\/"]}]},{"@type":"ImageObject","inLanguage":"hr","@id":"https:\/\/bonomodo.hr\/our-team\/maja-odak\/#primaryimage","url":"https:\/\/bonomodo.hr\/wp-content\/uploads\/2024\/12\/Maja-Odak-profile.jpg","contentUrl":"https:\/\/bonomodo.hr\/wp-content\/uploads\/2024\/12\/Maja-Odak-profile.jpg"},{"@type":"BreadcrumbList","@id":"https:\/\/bonomodo.hr\/our-team\/maja-odak\/#breadcrumb","itemListElement":[{"@type":"ListItem","position":1,"name":"Home","item":"https:\/\/bonomodo.hr\/"},{"@type":"ListItem","position":2,"name":"Our Team","item":"https:\/\/bonomodo.hr\/our-team\/"},{"@type":"ListItem","position":3,"name":"Maja Odak"}]},{"@type":"WebSite","@id":"https:\/\/bonomodo.hr\/#website","url":"https:\/\/bonomodo.hr\/","name":"Bono Modo Real Estate","description":"","publisher":{"@id":"https:\/\/bonomodo.hr\/#organization"},"potentialAction":[{"@type":"SearchAction","target":{"@type":"EntryPoint","urlTemplate":"https:\/\/bonomodo.hr\/?s={search_term_string}"},"query-input":{"@type":"PropertyValueSpecification","valueRequired":true,"valueName":"search_term_string"}}],"inLanguage":"hr"},{"@type":"Organization","@id":"https:\/\/bonomodo.hr\/#organization","name":"Bono Modo Real Estate","url":"https:\/\/bonomodo.hr\/","logo":{"@type":"ImageObject","inLanguage":"hr","@id":"https:\/\/bonomodo.hr\/#\/schema\/logo\/image\/","url":"https:\/\/bonomodo.hr\/wp-content\/uploads\/2024\/09\/Bono-Modo-GOLD-footer.png","contentUrl":"https:\/\/bonomodo.hr\/wp-content\/uploads\/2024\/09\/Bono-Modo-GOLD-footer.png","width":160,"height":20,"caption":"Bono Modo Real Estate"},"image":{"@id":"https:\/\/bonomodo.hr\/#\/schema\/logo\/image\/"}}]}},"_links":{"self":[{"href":"https:\/\/bonomodo.hr\/hr\/wp-json\/wp\/v2\/pages\/1750"}],"collection":[{"href":"https:\/\/bonomodo.hr\/hr\/wp-json\/wp\/v2\/pages"}],"about":[{"href":"https:\/\/bonomodo.hr\/hr\/wp-json\/wp\/v2\/types\/page"}],"author":[{"embeddable":true,"href":"https:\/\/bonomodo.hr\/hr\/wp-json\/wp\/v2\/users\/1"}],"replies":[{"embeddable":true,"href":"https:\/\/bonomodo.hr\/hr\/wp-json\/wp\/v2\/comments?post=1750"}],"version-history":[{"count":39,"href":"https:\/\/bonomodo.hr\/hr\/wp-json\/wp\/v2\/pages\/1750\/revisions"}],"predecessor-version":[{"id":2801,"href":"https:\/\/bonomodo.hr\/hr\/wp-json\/wp\/v2\/pages\/1750\/revisions\/2801"}],"up":[{"embeddable":true,"href":"https:\/\/bonomodo.hr\/hr\/wp-json\/wp\/v2\/pages\/91"}],"wp:attachment":[{"href":"https:\/\/bonomodo.hr\/hr\/wp-json\/wp\/v2\/media?parent=1750"}],"curies":[{"name":"wp","href":"https:\/\/api.w.org\/{rel}","templated":true}]}}