{"id":69,"date":"2023-02-13T06:39:59","date_gmt":"2023-02-13T06:39:59","guid":{"rendered":"https:\/\/themegenix.net\/reland\/?page_id=69"},"modified":"2024-12-20T13:59:43","modified_gmt":"2024-12-20T13:59:43","slug":"overview","status":"publish","type":"page","link":"https:\/\/bonomodo.hr\/hr\/o-nama\/","title":{"rendered":"O Bono Modu"},"content":{"rendered":"<div data-elementor-type=\"wp-page\" data-elementor-id=\"69\" class=\"elementor elementor-69\" data-elementor-post-type=\"page\">\n\t\t\t\t\t\t<section class=\"elementor-section elementor-top-section elementor-element elementor-element-ff3b188 elementor-section-full_width elementor-section-height-default elementor-section-height-default\" data-id=\"ff3b188\" data-element_type=\"section\">\n\t\t\t\t\t\t<div class=\"elementor-container elementor-column-gap-no\">\n\t\t\t\t\t<div class=\"elementor-column elementor-col-100 elementor-top-column elementor-element elementor-element-c67bee3\" data-id=\"c67bee3\" data-element_type=\"column\">\n\t\t\t<div class=\"elementor-widget-wrap elementor-element-populated\">\n\t\t\t\t\t\t<div class=\"elementor-element elementor-element-3e3e96a elementor-widget elementor-widget-tg-mission-vision\" data-id=\"3e3e96a\" data-element_type=\"widget\" data-widget_type=\"tg-mission-vision.default\">\n\t\t\t\t<div class=\"elementor-widget-container\">\n\t\t\t\r\n        \r\n            <!-- mission-area -->\r\n            <section class=\"mission-area\">\r\n                <div class=\"container\">\r\n                    <div class=\"row align-items-center\">\r\n\r\n                                                <div class=\"col-lg-6\">\r\n                            <div class=\"mission-img\">\r\n                                <img decoding=\"async\" src=\"https:\/\/bonomodo.hr\/wp-content\/uploads\/2024\/09\/Bono-Modo-office.jpg\" alt=\"\">\r\n                            <\/div>\r\n                        <\/div>\r\n                        \r\n                        <div class=\"col-lg-6\">\r\n                            <div class=\"mission-content\">\r\n                                                                <div class=\"section-title mb-40\">\r\n\r\n                                                                        <span class=\"sub-title\">TKO SMO<\/span>\r\n                                    \r\n                                    <h2 class=\"title\">MODERNA TVRTKA ZA MODERNA VREMENA<\/h2>\r\n                                <\/div>\r\n\r\n                                                                    <p class=\"desc\">Bono Modo je konzultantska boutique tvrtka za ugostiteljstvo, nekretnine i upravljanje projektima koju odlikuje personalizirana usluga, tr\u017ei\u0161na ekspertiza i maksimalna posve\u0107enost klijentu. Nudimo tzv. custom rje\u0161enja te usko sura\u0111ujemo s klijentima kako bismo im pomogli pri postizanju svojih ciljeva, bilo da se radi o kupnji, prodaji, ulaganju ili izgradnji nekretnina.<\/p>\r\n                                \r\n                                \r\n                                                                <a href=\"https:\/\/bonomodo.hr\/hr\/kontakt\/\" target=\"_self\" rel=\"nofollow\" class=\"btn transparent-btn\" >\r\n                                    <div class=\"btn_m\">\r\n                                        <div class=\"btn_c\">\r\n                                            <div class=\"btn_t1\">CONTACT<\/div>\r\n                                            <div class=\"btn_t2\">CONTACT<\/div>\r\n                                        <\/div>\r\n                                    <\/div>\r\n                                <\/a>\r\n                                \r\n                            <\/div>\r\n                        <\/div>\r\n                    <\/div>\r\n                <\/div>\r\n            <\/section>\r\n            <!-- mission-area-end -->\r\n\r\n        \r\n    \t\t<\/div>\n\t\t\t\t<\/div>\n\t\t\t\t\t<\/div>\n\t\t<\/div>\n\t\t\t\t\t<\/div>\n\t\t<\/section>\n\t\t\t\t<section class=\"elementor-section elementor-top-section elementor-element elementor-element-f9606a7 elementor-section-full_width elementor-section-height-default elementor-section-height-default\" data-id=\"f9606a7\" data-element_type=\"section\">\n\t\t\t\t\t\t<div class=\"elementor-container elementor-column-gap-no\">\n\t\t\t\t\t<div class=\"elementor-column elementor-col-100 elementor-top-column elementor-element elementor-element-3e05ea0\" data-id=\"3e05ea0\" data-element_type=\"column\">\n\t\t\t<div class=\"elementor-widget-wrap elementor-element-populated\">\n\t\t\t\t\t\t<div class=\"elementor-element elementor-element-616ccd4 elementor-widget elementor-widget-tg-fact\" data-id=\"616ccd4\" data-element_type=\"widget\" data-widget_type=\"tg-fact.default\">\n\t\t\t\t<div class=\"elementor-widget-container\">\n\t\t\t\r\n        <script>\r\n            jQuery(document).ready(function($){\r\n\r\n                \/*=============================================\r\n                    =        Odometer Active         =\r\n                =============================================*\/\r\n                $('.odometer').appear(function (e) {\r\n                    var odo = $(\".odometer\");\r\n                    odo.each(function () {\r\n                        var countNumber = $(this).attr(\"data-count\");\r\n                        $(this).html(countNumber);\r\n                    });\r\n                });\r\n\r\n            });\r\n        <\/script>\r\n\r\n        <!-- counter-area -->\r\n        <div class=\"counter-area\">\r\n            <div class=\"container\">\r\n                <div class=\"row justify-content-center\">\r\n                    <div class=\"col-xl-8\">\r\n                        <div class=\"counter-item-wrap\">\r\n                            <div class=\"row\">\r\n                                                                <div class=\"col-md-3 col-sm-6 col-6\">\r\n                                    <div class=\"counter-item\">\r\n\r\n                                                                                    <span class=\"count odometer\" data-count=\"20\"><\/span>\r\n                                        \r\n                                                                                    <p>Zavr\u0161eni <span>projekti<\/span><\/p>\r\n                                        \r\n                                    <\/div>\r\n                                <\/div>\r\n                                                                <div class=\"col-md-3 col-sm-6 col-6\">\r\n                                    <div class=\"counter-item\">\r\n\r\n                                                                                    <span class=\"count odometer\" data-count=\"6\"><\/span>\r\n                                        \r\n                                                                                    <p>u <span>razvoju<\/span><\/p>\r\n                                        \r\n                                    <\/div>\r\n                                <\/div>\r\n                                                            <\/div>\r\n                        <\/div>\r\n                    <\/div>\r\n                <\/div>\r\n            <\/div>\r\n        <\/div>\r\n        <!-- counter-area-end -->\r\n\r\n    \t\t<\/div>\n\t\t\t\t<\/div>\n\t\t\t\t\t<\/div>\n\t\t<\/div>\n\t\t\t\t\t<\/div>\n\t\t<\/section>\n\t\t<div class=\"elementor-element elementor-element-f6c7386 e-con-full e-flex e-con e-parent\" data-id=\"f6c7386\" data-element_type=\"container\" data-settings=\"{&quot;background_background&quot;:&quot;video&quot;,&quot;background_video_link&quot;:&quot;https:\\\/\\\/vimeo.com\\\/1013122180&quot;,&quot;background_video_start&quot;:5,&quot;background_play_on_mobile&quot;:&quot;yes&quot;}\">\n\t\t<div class=\"elementor-background-video-container\">\n\t\t\t\t\t\t\t<div class=\"elementor-background-video-embed\"><\/div>\n\t\t\t\t\t\t<\/div>\t\t<\/div>\n\t\t\t\t<section class=\"elementor-section elementor-top-section elementor-element elementor-element-23fbb1d elementor-section-full_width elementor-section-height-default elementor-section-height-default\" data-id=\"23fbb1d\" data-element_type=\"section\" data-settings=\"{&quot;background_background&quot;:&quot;classic&quot;}\">\n\t\t\t\t\t\t<div class=\"elementor-container elementor-column-gap-no\">\n\t\t\t\t\t<div class=\"elementor-column elementor-col-100 elementor-top-column elementor-element elementor-element-9f870e1\" data-id=\"9f870e1\" data-element_type=\"column\">\n\t\t\t<div class=\"elementor-widget-wrap elementor-element-populated\">\n\t\t\t\t\t\t<div class=\"elementor-element elementor-element-3372894 elementor-widget elementor-widget-tg-team\" data-id=\"3372894\" data-element_type=\"widget\" data-widget_type=\"tg-team.default\">\n\t\t\t\t<div class=\"elementor-widget-container\">\n\t\t\t\r\n\r\n        <!-- team-area -->\r\n        <section class=\"team-area\">\r\n            <div class=\"container\">\r\n\r\n                                <div class=\"row justify-content-center\">\r\n                    <div class=\"col-xl-6 col-lg-7\">\r\n                        <div class=\"section-title text-center mb-55\">\r\n\r\n                                                            <span class=\"sub-title\">RUKOVODSTVO<\/span>\r\n                            \r\n                            <h2 class=\"title\">UPOZNAJTE NA\u0160 TIM<\/h2>\r\n                        <\/div>\r\n                    <\/div>\r\n                <\/div>\r\n                \r\n                <div class=\"team-item-wrap\">\r\n                    <div class=\"row justify-content-center\">\r\n\r\n                                                <div class=\"col-xl-3 col-md-4 col-sm-6\">\r\n                            <div class=\"team-item\">\r\n\r\n                                                                <div class=\"team-thumb\">\r\n                                    <a href=\"https:\/\/bonomodo.hr\/hr\/nas-tim\/boris-odak\/\"><img decoding=\"async\" src=\"https:\/\/bonomodo.hr\/wp-content\/uploads\/2024\/12\/Boris-Odak-profile.jpg\" alt=\"\"><\/a>\r\n                                <\/div>\r\n                                \r\n                                <div class=\"team-content\">\r\n                                    <h3 class=\"title\"><a href=\"https:\/\/bonomodo.hr\/hr\/nas-tim\/boris-odak\/\">Boris Odak<\/a><\/h3>\r\n\r\n                                                                            <span>IZVR\u0160NI DIREKTOR<\/span>\r\n                                    \r\n                                <\/div>\r\n                            <\/div>\r\n                        <\/div>\r\n                                                <div class=\"col-xl-3 col-md-4 col-sm-6\">\r\n                            <div class=\"team-item\">\r\n\r\n                                                                <div class=\"team-thumb\">\r\n                                    <a href=\"https:\/\/bonomodo.hr\/hr\/nas-tim\/maja-odak\/\"><img decoding=\"async\" src=\"https:\/\/bonomodo.hr\/wp-content\/uploads\/2024\/12\/Maja-Odak-profile.jpg\" alt=\"\"><\/a>\r\n                                <\/div>\r\n                                \r\n                                <div class=\"team-content\">\r\n                                    <h3 class=\"title\"><a href=\"https:\/\/bonomodo.hr\/hr\/nas-tim\/maja-odak\/\">Maja Odak<\/a><\/h3>\r\n\r\n                                                                            <span>PROJEKTNI MENAD\u017dER<\/span>\r\n                                    \r\n                                <\/div>\r\n                            <\/div>\r\n                        <\/div>\r\n                        \r\n                    <\/div>\r\n                <\/div>\r\n\r\n                                <div class=\"view-more-btn text-center mt-30\">\r\n                    <a href=\"https:\/\/bonomodo.hr\/hr\/nas-tim\/\" target=\"_self\" rel=\"nofollow\" class=\"btn transparent-btn\" >\r\n                        <div class=\"btn_m\">\r\n                            <div class=\"btn_c\">\r\n                                <div class=\"btn_t1\">SVI \u010cLANOVI TIMA<\/div>\r\n                                <div class=\"btn_t2\">SVI \u010cLANOVI TIMA<\/div>\r\n                            <\/div>\r\n                        <\/div>\r\n                    <\/a>\r\n                <\/div>\r\n                \r\n            <\/div>\r\n        <\/section>\r\n        <!-- team-area-end -->\r\n\r\n\t\t\t<\/div>\n\t\t\t\t<\/div>\n\t\t\t\t\t<\/div>\n\t\t<\/div>\n\t\t\t\t\t<\/div>\n\t\t<\/section>\n\t\t\t\t<section class=\"elementor-section elementor-top-section elementor-element elementor-element-55210e1 elementor-section-full_width elementor-section-height-default elementor-section-height-default\" data-id=\"55210e1\" data-element_type=\"section\">\n\t\t\t\t\t\t<div class=\"elementor-container elementor-column-gap-no\">\n\t\t\t\t\t<div class=\"elementor-column elementor-col-100 elementor-top-column elementor-element elementor-element-316b03d\" data-id=\"316b03d\" data-element_type=\"column\">\n\t\t\t<div class=\"elementor-widget-wrap elementor-element-populated\">\n\t\t\t\t\t\t<div class=\"elementor-element elementor-element-aaef7f9 newsletter-area-two elementor-widget elementor-widget-tp-cta\" data-id=\"aaef7f9\" data-element_type=\"widget\" data-widget_type=\"tp-cta.default\">\n\t\t\t\t<div class=\"elementor-widget-container\">\n\t\t\t\r\n        <!-- newsletter-area -->\r\n        <section class=\"newsletter-area\">\r\n            <div class=\"container\">\r\n                <div class=\"row\">\r\n                    <div class=\"col-lg-12\">\r\n                        <div class=\"newsletter-inner\">\r\n                            <div class=\"row justify-content-center\">\r\n                                <div class=\"col-xl-8\">\r\n                                    <div class=\"newsletter-content\">\r\n\r\n                                                                                <div class=\"section-title mb-50\">\r\n\r\n                                                                                            <span class=\"sub-title\">IMATE PITANJA<\/span>\r\n                                            \r\n                                            <h2 class=\"title\">KONTAKTIRAJTE NAS I ODGOVORIT \u0106EMO VAM U NAJBR\u017dEM MOGU\u0106EM ROKU<\/h2>\r\n                                        <\/div>\r\n                                        \r\n                                        \n<div class=\"wpcf7 no-js\" id=\"wpcf7-f256-o1\" lang=\"en-US\" dir=\"ltr\">\n<div class=\"screen-reader-response\"><p role=\"status\" aria-live=\"polite\" aria-atomic=\"true\"><\/p> <ul><\/ul><\/div>\n<form action=\"\/hr\/wp-json\/wp\/v2\/pages\/69#wpcf7-f256-o1\" method=\"post\" class=\"wpcf7-form init\" aria-label=\"Contact form\" novalidate=\"novalidate\" data-status=\"init\" data-trp-original-action=\"\/hr\/wp-json\/wp\/v2\/pages\/69#wpcf7-f256-o1\">\n<div style=\"display: none;\">\n<input type=\"hidden\" name=\"_wpcf7\" value=\"256\" \/>\n<input type=\"hidden\" name=\"_wpcf7_version\" value=\"5.9.8\" \/>\n<input type=\"hidden\" name=\"_wpcf7_locale\" value=\"en_US\" \/>\n<input type=\"hidden\" name=\"_wpcf7_unit_tag\" value=\"wpcf7-f256-o1\" \/>\n<input type=\"hidden\" name=\"_wpcf7_container_post\" value=\"0\" \/>\n<input type=\"hidden\" name=\"_wpcf7_posted_data_hash\" value=\"\" \/>\n<\/div>\n<div class=\"newsletter-form\">\n    <ul class=\"list-wrap\">\n        <li><span class=\"wpcf7-form-control-wrap\" data-name=\"your-name\"><input size=\"40\" maxlength=\"400\" class=\"wpcf7-form-control wpcf7-text wpcf7-validates-as-required\" aria-required=\"true\" aria-invalid=\"false\" placeholder=\"Ime i prezime\" value=\"\" type=\"text\" name=\"your-name\" \/><\/span><\/li>\n        <li><span class=\"wpcf7-form-control-wrap\" data-name=\"your-email\"><input size=\"40\" maxlength=\"400\" class=\"wpcf7-form-control wpcf7-email wpcf7-validates-as-required wpcf7-text wpcf7-validates-as-email\" aria-required=\"true\" aria-invalid=\"false\" placeholder=\"E-mail\" value=\"\" type=\"email\" name=\"your-email\" \/><\/span><\/li>\n        <li class=\"submit-btn\"><input class=\"wpcf7-form-control wpcf7-submit has-spinner\" type=\"submit\" value=\"PO\u0160ALJI\" \/><\/li>\n    <\/ul>\n    <div class=\"form-check\">\n        <input type=\"checkbox\" class=\"form-check-input\" id=\"checkbox\">\n        <label for=\"checkbox\">Prihva\u0107am <span>Odredbe i uvjete<\/span> za kori\u0161tenje osobnih podataka<\/label>\n    <\/div>\n<\/div><div class=\"wpcf7-response-output\" aria-hidden=\"true\"><\/div>\n<input type=\"hidden\" name=\"trp-form-language\" value=\"hr\"\/><\/form>\n<\/div>\n\r\n                                    <\/div>\r\n                                <\/div>\r\n                            <\/div>\r\n                        <\/div>\r\n                    <\/div>\r\n                <\/div>\r\n            <\/div>\r\n        <\/section>\r\n        <!-- newsletter-area-end -->\r\n\r\n    \t\t<\/div>\n\t\t\t\t<\/div>\n\t\t\t\t\t<\/div>\n\t\t<\/div>\n\t\t\t\t\t<\/div>\n\t\t<\/section>\n\t\t\t\t<\/div>","protected":false},"excerpt":{"rendered":"<p>Who we are A MODERN COMPANY FOR MODERN TIMES Bono Modo is a boutique hospitality, real estate &amp; project management consulting company distinguished by the personalized service, market expertise, and client-centric approach. We offer tailored solutions and work closely with clients to help them achieve their goals, whether that involves buying, selling, investing, or developing [&hellip;]<\/p>","protected":false},"author":1,"featured_media":0,"parent":0,"menu_order":0,"comment_status":"closed","ping_status":"closed","template":"elementor_header_footer","meta":{"_acf_changed":false,"footnotes":""},"class_list":["post-69","page","type-page","status-publish","hentry"],"acf":[],"yoast_head":"<!-- This site is optimized with the Yoast SEO plugin v23.5 - https:\/\/yoast.com\/wordpress\/plugins\/seo\/ -->\n<title>Overview - Bono Modo Real Estate<\/title>\n<meta name=\"robots\" content=\"index, follow, max-snippet:-1, max-image-preview:large, max-video-preview:-1\" \/>\n<link rel=\"canonical\" href=\"https:\/\/bonomodo.hr\/hr\/o-nama\/\" \/>\n<meta property=\"og:locale\" content=\"hr_HR\" \/>\n<meta property=\"og:type\" content=\"article\" \/>\n<meta property=\"og:title\" content=\"Overview - Bono Modo Real Estate\" \/>\n<meta property=\"og:description\" content=\"Who we are A MODERN COMPANY FOR MODERN TIMES Bono Modo is a boutique hospitality, real estate &amp; project management consulting company distinguished by the personalized service, market expertise, and client-centric approach. We offer tailored solutions and work closely with clients to help them achieve their goals, whether that involves buying, selling, investing, or developing [&hellip;]\" \/>\n<meta property=\"og:url\" content=\"https:\/\/bonomodo.hr\/hr\/o-nama\/\" \/>\n<meta property=\"og:site_name\" content=\"Bono Modo Real Estate\" \/>\n<meta property=\"article:modified_time\" content=\"2024-12-20T13:59:43+00:00\" \/>\n<meta property=\"og:image\" content=\"https:\/\/bonomodo.hr\/wp-content\/uploads\/2024\/09\/Bono-Modo-office.jpg\" \/>\n<meta name=\"twitter:card\" content=\"summary_large_image\" \/>\n<meta name=\"twitter:label1\" content=\"Procijenjeno vrijeme \u010ditanja\" \/>\n\t<meta name=\"twitter:data1\" content=\"1 minuta\" \/>\n<script type=\"application\/ld+json\" class=\"yoast-schema-graph\">{\"@context\":\"https:\/\/schema.org\",\"@graph\":[{\"@type\":\"WebPage\",\"@id\":\"https:\/\/bonomodo.hr\/overview\/\",\"url\":\"https:\/\/bonomodo.hr\/overview\/\",\"name\":\"Overview - Bono Modo Real Estate\",\"isPartOf\":{\"@id\":\"https:\/\/bonomodo.hr\/#website\"},\"primaryImageOfPage\":{\"@id\":\"https:\/\/bonomodo.hr\/overview\/#primaryimage\"},\"image\":{\"@id\":\"https:\/\/bonomodo.hr\/overview\/#primaryimage\"},\"thumbnailUrl\":\"https:\/\/bonomodo.hr\/wp-content\/uploads\/2024\/09\/Bono-Modo-office.jpg\",\"datePublished\":\"2023-02-13T06:39:59+00:00\",\"dateModified\":\"2024-12-20T13:59:43+00:00\",\"breadcrumb\":{\"@id\":\"https:\/\/bonomodo.hr\/overview\/#breadcrumb\"},\"inLanguage\":\"hr\",\"potentialAction\":[{\"@type\":\"ReadAction\",\"target\":[\"https:\/\/bonomodo.hr\/overview\/\"]}]},{\"@type\":\"ImageObject\",\"inLanguage\":\"hr\",\"@id\":\"https:\/\/bonomodo.hr\/overview\/#primaryimage\",\"url\":\"https:\/\/bonomodo.hr\/wp-content\/uploads\/2024\/09\/Bono-Modo-office.jpg\",\"contentUrl\":\"https:\/\/bonomodo.hr\/wp-content\/uploads\/2024\/09\/Bono-Modo-office.jpg\"},{\"@type\":\"BreadcrumbList\",\"@id\":\"https:\/\/bonomodo.hr\/overview\/#breadcrumb\",\"itemListElement\":[{\"@type\":\"ListItem\",\"position\":1,\"name\":\"Home\",\"item\":\"https:\/\/bonomodo.hr\/\"},{\"@type\":\"ListItem\",\"position\":2,\"name\":\"Overview\"}]},{\"@type\":\"WebSite\",\"@id\":\"https:\/\/bonomodo.hr\/#website\",\"url\":\"https:\/\/bonomodo.hr\/\",\"name\":\"Bono Modo Real Estate\",\"description\":\"\",\"publisher\":{\"@id\":\"https:\/\/bonomodo.hr\/#organization\"},\"potentialAction\":[{\"@type\":\"SearchAction\",\"target\":{\"@type\":\"EntryPoint\",\"urlTemplate\":\"https:\/\/bonomodo.hr\/?s={search_term_string}\"},\"query-input\":{\"@type\":\"PropertyValueSpecification\",\"valueRequired\":true,\"valueName\":\"search_term_string\"}}],\"inLanguage\":\"hr\"},{\"@type\":\"Organization\",\"@id\":\"https:\/\/bonomodo.hr\/#organization\",\"name\":\"Bono Modo Real Estate\",\"url\":\"https:\/\/bonomodo.hr\/\",\"logo\":{\"@type\":\"ImageObject\",\"inLanguage\":\"hr\",\"@id\":\"https:\/\/bonomodo.hr\/#\/schema\/logo\/image\/\",\"url\":\"https:\/\/bonomodo.hr\/wp-content\/uploads\/2024\/09\/Bono-Modo-GOLD-footer.png\",\"contentUrl\":\"https:\/\/bonomodo.hr\/wp-content\/uploads\/2024\/09\/Bono-Modo-GOLD-footer.png\",\"width\":160,\"height\":20,\"caption\":\"Bono Modo Real Estate\"},\"image\":{\"@id\":\"https:\/\/bonomodo.hr\/#\/schema\/logo\/image\/\"}}]}<\/script>\n<!-- \/ Yoast SEO plugin. -->","yoast_head_json":{"title":"Overview - Bono Modo Real Estate","robots":{"index":"index","follow":"follow","max-snippet":"max-snippet:-1","max-image-preview":"max-image-preview:large","max-video-preview":"max-video-preview:-1"},"canonical":"https:\/\/bonomodo.hr\/hr\/o-nama\/","og_locale":"hr_HR","og_type":"article","og_title":"Overview - Bono Modo Real Estate","og_description":"Who we are A MODERN COMPANY FOR MODERN TIMES Bono Modo is a boutique hospitality, real estate &amp; project management consulting company distinguished by the personalized service, market expertise, and client-centric approach. We offer tailored solutions and work closely with clients to help them achieve their goals, whether that involves buying, selling, investing, or developing [&hellip;]","og_url":"https:\/\/bonomodo.hr\/hr\/o-nama\/","og_site_name":"Bono Modo Real Estate","article_modified_time":"2024-12-20T13:59:43+00:00","og_image":[{"url":"https:\/\/bonomodo.hr\/wp-content\/uploads\/2024\/09\/Bono-Modo-office.jpg"}],"twitter_card":"summary_large_image","twitter_misc":{"Procijenjeno vrijeme \u010ditanja":"1 minuta"},"schema":{"@context":"https:\/\/schema.org","@graph":[{"@type":"WebPage","@id":"https:\/\/bonomodo.hr\/overview\/","url":"https:\/\/bonomodo.hr\/overview\/","name":"Overview - Bono Modo Real Estate","isPartOf":{"@id":"https:\/\/bonomodo.hr\/#website"},"primaryImageOfPage":{"@id":"https:\/\/bonomodo.hr\/overview\/#primaryimage"},"image":{"@id":"https:\/\/bonomodo.hr\/overview\/#primaryimage"},"thumbnailUrl":"https:\/\/bonomodo.hr\/wp-content\/uploads\/2024\/09\/Bono-Modo-office.jpg","datePublished":"2023-02-13T06:39:59+00:00","dateModified":"2024-12-20T13:59:43+00:00","breadcrumb":{"@id":"https:\/\/bonomodo.hr\/overview\/#breadcrumb"},"inLanguage":"hr","potentialAction":[{"@type":"ReadAction","target":["https:\/\/bonomodo.hr\/overview\/"]}]},{"@type":"ImageObject","inLanguage":"hr","@id":"https:\/\/bonomodo.hr\/overview\/#primaryimage","url":"https:\/\/bonomodo.hr\/wp-content\/uploads\/2024\/09\/Bono-Modo-office.jpg","contentUrl":"https:\/\/bonomodo.hr\/wp-content\/uploads\/2024\/09\/Bono-Modo-office.jpg"},{"@type":"BreadcrumbList","@id":"https:\/\/bonomodo.hr\/overview\/#breadcrumb","itemListElement":[{"@type":"ListItem","position":1,"name":"Home","item":"https:\/\/bonomodo.hr\/"},{"@type":"ListItem","position":2,"name":"Overview"}]},{"@type":"WebSite","@id":"https:\/\/bonomodo.hr\/#website","url":"https:\/\/bonomodo.hr\/","name":"Bono Modo Real Estate","description":"","publisher":{"@id":"https:\/\/bonomodo.hr\/#organization"},"potentialAction":[{"@type":"SearchAction","target":{"@type":"EntryPoint","urlTemplate":"https:\/\/bonomodo.hr\/?s={search_term_string}"},"query-input":{"@type":"PropertyValueSpecification","valueRequired":true,"valueName":"search_term_string"}}],"inLanguage":"hr"},{"@type":"Organization","@id":"https:\/\/bonomodo.hr\/#organization","name":"Bono Modo Real Estate","url":"https:\/\/bonomodo.hr\/","logo":{"@type":"ImageObject","inLanguage":"hr","@id":"https:\/\/bonomodo.hr\/#\/schema\/logo\/image\/","url":"https:\/\/bonomodo.hr\/wp-content\/uploads\/2024\/09\/Bono-Modo-GOLD-footer.png","contentUrl":"https:\/\/bonomodo.hr\/wp-content\/uploads\/2024\/09\/Bono-Modo-GOLD-footer.png","width":160,"height":20,"caption":"Bono Modo Real Estate"},"image":{"@id":"https:\/\/bonomodo.hr\/#\/schema\/logo\/image\/"}}]}},"_links":{"self":[{"href":"https:\/\/bonomodo.hr\/hr\/wp-json\/wp\/v2\/pages\/69"}],"collection":[{"href":"https:\/\/bonomodo.hr\/hr\/wp-json\/wp\/v2\/pages"}],"about":[{"href":"https:\/\/bonomodo.hr\/hr\/wp-json\/wp\/v2\/types\/page"}],"author":[{"embeddable":true,"href":"https:\/\/bonomodo.hr\/hr\/wp-json\/wp\/v2\/users\/1"}],"replies":[{"embeddable":true,"href":"https:\/\/bonomodo.hr\/hr\/wp-json\/wp\/v2\/comments?post=69"}],"version-history":[{"count":37,"href":"https:\/\/bonomodo.hr\/hr\/wp-json\/wp\/v2\/pages\/69\/revisions"}],"predecessor-version":[{"id":2787,"href":"https:\/\/bonomodo.hr\/hr\/wp-json\/wp\/v2\/pages\/69\/revisions\/2787"}],"wp:attachment":[{"href":"https:\/\/bonomodo.hr\/hr\/wp-json\/wp\/v2\/media?parent=69"}],"curies":[{"name":"wp","href":"https:\/\/api.w.org\/{rel}","templated":true}]}}